{"id":5080,"date":"2019-10-10T21:29:04","date_gmt":"2019-10-10T19:29:04","guid":{"rendered":"http:\/\/cannes-fayet.com\/?page_id=5080"},"modified":"2019-10-28T17:58:05","modified_gmt":"2019-10-28T16:58:05","slug":"mentions-legales","status":"publish","type":"page","link":"http:\/\/cannes-fayet.com\/en\/mentions-legales\/","title":{"rendered":"Mentions L\u00e9gales"},"content":{"rendered":"<div data-eltd-parallax-speed=\"1\" class=\"vc_row wpb_row vc_row-fluid eltd-section eltd-content-aligment-left eltd-grid-section\" style=\"\"><div class=\"clearfix eltd-section-inner\"><div class=\"eltd-section-inner-margin clearfix\"><div class=\"wpb_column vc_column_container vc_col-sm-12\"><div class=\"vc_column-inner\"><div class=\"wpb_wrapper\"><div class=\"vc_empty_space\"   style=\"height: 20px\"><span class=\"vc_empty_space_inner\"><\/span><\/div>\n\t<div class=\"wpb_text_column wpb_content_element\" >\n\t\t<div class=\"wpb_wrapper\">\n\t\t\t<p><span style=\"color: #c18a21;\"><strong>PR\u00c9SENTATION DU SITE<\/strong><\/span><br \/>\nURL : <a href=\"http:\/\/cannes-fayet.com\/en\/\">http:\/\/www.cannes-fayet.com<\/a><br \/>\nSoci\u00e9t\u00e9 : SARL cannes Fayet SE<br \/>\nAdresse : 2 Zone artisanale de Bournat, Route de Lezoux, 63190 ORLEAT, France<\/p>\n<p>SIRET : 8087040400019<\/p>\n<p>CODE APE 3299Z<\/p>\n<p>N\u00b0TVA FR10808710404<\/p>\n<p>Tel. : + 33 (0)4 73 73 20 40<br \/>\nEmail : <a href=\"mailto:amandine@cannes-fayet.com\">amandine@cannes-fayet.com<\/a><\/p>\n<p>Directeur de publication, repr\u00e9sentant l\u00e9gal : Mme Amandine Fayet<br \/>\nConception du site web : <a href=\"https:\/\/petra-rouhova.com\/\" target=\"_blank\" rel=\"noopener noreferrer\">Petra Rouhov\u00e1<\/a><\/p>\n\n\t\t<\/div>\n\t<\/div>\n\n\t<div class=\"wpb_text_column wpb_content_element\" >\n\t\t<div class=\"wpb_wrapper\">\n\t\t\t<p><span style=\"color: #c18a21;\"><strong>H\u00c9BERGEMENT<\/strong><\/span><\/p>\n<p>OVH, 2 rue Kellermann, BP 80157, 59053 Roubaix cedex 1<\/p>\n\n\t\t<\/div>\n\t<\/div>\n\n\t<div class=\"wpb_text_column wpb_content_element\" >\n\t\t<div class=\"wpb_wrapper\">\n\t\t\t<p><span style=\"color: #c18a21;\"><strong>PROPRI\u00c9T\u00c9<\/strong><\/span><\/p>\n<p>Le site et les informations qu\u2019il contient sont prot\u00e9g\u00e9s par la loi fran\u00e7aise sur la propri\u00e9t\u00e9 intellectuelle et par les conventions internationales. Hors utilisation dans le cercle de famille ou usage priv\u00e9, le site et aucun \u00e9l\u00e9ment de son contenu ne peuvent \u00eatre reproduits, republi\u00e9s, retranscrits, modifi\u00e9s ou retransmis sans l\u2019autorisation pr\u00e9alable des ayants droit.<\/p>\n\n\t\t<\/div>\n\t<\/div>\n\n\t<div class=\"wpb_text_column wpb_content_element\" >\n\t\t<div class=\"wpb_wrapper\">\n\t\t\t<p><span style=\"color: #c18a21;\"><strong>CR\u00c9DITS PHOTOS<\/strong><\/span><\/p>\n<p style=\"font-weight: 400;\">Denis Pourchet, Denis Grudet<\/p>\n\n\t\t<\/div>\n\t<\/div>\n<div class=\"vc_empty_space\"   style=\"height: 20px\"><span class=\"vc_empty_space_inner\"><\/span><\/div><\/div><\/div><\/div><\/div><\/div><\/div>","protected":false},"excerpt":{"rendered":"PR\u00c9SENTATION DU SITE URL : http:\/\/www.cannes-fayet.com Soci\u00e9t\u00e9 : SARL cannes Fayet SE Adresse : 2 Zone artisanale de Bournat, Route de Lezoux, 63190 ORLEAT, France SIRET : 8087040400019 CODE APE 3299Z N\u00b0TVA FR10808710404 Tel. : + 33 (0)4 73 73 20 40 Email : amandine@cannes-fayet.com...","protected":false},"author":1,"featured_media":0,"parent":0,"menu_order":0,"comment_status":"closed","ping_status":"closed","template":"full-width.php","meta":{"_exactmetrics_skip_tracking":false,"_exactmetrics_sitenote_active":false,"_exactmetrics_sitenote_note":"","_exactmetrics_sitenote_category":0,"footnotes":""},"class_list":["post-5080","page","type-page","status-publish","hentry"],"yoast_head":"<!-- This site is optimized with the Yoast SEO plugin v25.1 - https:\/\/yoast.com\/wordpress\/plugins\/seo\/ -->\n<title>Mentions L\u00e9gales - Cannes Fayet\u00ae<\/title>\n<meta name=\"description\" content=\"PR\u00c9SENTATION DU SITE URL : http:\/\/www.cannes-fayet.com Soci\u00e9t\u00e9 : SARL cannes Fayet SE Adresse : 2 Zone artisanale de Bournat, Route de Lezoux, 63190 ...\" \/>\n<meta name=\"robots\" content=\"index, follow, max-snippet:-1, max-image-preview:large, max-video-preview:-1\" \/>\n<link rel=\"canonical\" href=\"https:\/\/cannes-fayet.com\/en\/mentions-legales\/\" \/>\n<meta property=\"og:locale\" content=\"en_GB\" \/>\n<meta property=\"og:type\" content=\"article\" \/>\n<meta property=\"og:title\" content=\"Mentions L\u00e9gales - Cannes Fayet\u00ae\" \/>\n<meta property=\"og:description\" content=\"PR\u00c9SENTATION DU SITE URL : http:\/\/www.cannes-fayet.com Soci\u00e9t\u00e9 : SARL cannes Fayet SE Adresse : 2 Zone artisanale de Bournat, Route de Lezoux, 63190 ...\" \/>\n<meta property=\"og:url\" content=\"https:\/\/cannes-fayet.com\/en\/mentions-legales\/\" \/>\n<meta property=\"og:site_name\" content=\"Cannes Fayet\u00ae\" \/>\n<meta property=\"article:publisher\" content=\"https:\/\/www.facebook.com\/CannesFayet1909\/\" \/>\n<meta property=\"article:modified_time\" content=\"2019-10-28T16:58:05+00:00\" \/>\n<meta name=\"twitter:card\" content=\"summary_large_image\" \/>\n<meta name=\"twitter:label1\" content=\"Estimated reading time\" \/>\n\t<meta name=\"twitter:data1\" content=\"1 minute\" \/>\n<script type=\"application\/ld+json\" class=\"yoast-schema-graph\">{\"@context\":\"https:\/\/schema.org\",\"@graph\":[{\"@type\":\"WebPage\",\"@id\":\"https:\/\/cannes-fayet.com\/mentions-legales\/\",\"url\":\"https:\/\/cannes-fayet.com\/mentions-legales\/\",\"name\":\"Mentions L\u00e9gales - Cannes Fayet\u00ae\",\"isPartOf\":{\"@id\":\"https:\/\/cannes-fayet.com\/#website\"},\"datePublished\":\"2019-10-10T19:29:04+00:00\",\"dateModified\":\"2019-10-28T16:58:05+00:00\",\"description\":\"PR\u00c9SENTATION DU SITE URL : http:\/\/www.cannes-fayet.com Soci\u00e9t\u00e9 : SARL cannes Fayet SE Adresse : 2 Zone artisanale de Bournat, Route de Lezoux, 63190 ...\",\"breadcrumb\":{\"@id\":\"https:\/\/cannes-fayet.com\/mentions-legales\/#breadcrumb\"},\"inLanguage\":\"en-GB\",\"potentialAction\":[{\"@type\":\"ReadAction\",\"target\":[\"https:\/\/cannes-fayet.com\/mentions-legales\/\"]}]},{\"@type\":\"BreadcrumbList\",\"@id\":\"https:\/\/cannes-fayet.com\/mentions-legales\/#breadcrumb\",\"itemListElement\":[{\"@type\":\"ListItem\",\"position\":1,\"name\":\"Accueil\",\"item\":\"https:\/\/cannes-fayet.com\/\"},{\"@type\":\"ListItem\",\"position\":2,\"name\":\"Mentions L\u00e9gales\"}]},{\"@type\":\"WebSite\",\"@id\":\"https:\/\/cannes-fayet.com\/#website\",\"url\":\"https:\/\/cannes-fayet.com\/\",\"name\":\"Cannes Fayet\",\"description\":\"Cannes de marche, parapluies, accessoires pour cannes : cannes Fayet\u00ae depuis 1909\",\"publisher\":{\"@id\":\"https:\/\/cannes-fayet.com\/#organization\"},\"potentialAction\":[{\"@type\":\"SearchAction\",\"target\":{\"@type\":\"EntryPoint\",\"urlTemplate\":\"https:\/\/cannes-fayet.com\/?s={search_term_string}\"},\"query-input\":{\"@type\":\"PropertyValueSpecification\",\"valueRequired\":true,\"valueName\":\"search_term_string\"}}],\"inLanguage\":\"en-GB\"},{\"@type\":\"Organization\",\"@id\":\"https:\/\/cannes-fayet.com\/#organization\",\"name\":\"Cannes Fayet\",\"url\":\"https:\/\/cannes-fayet.com\/\",\"logo\":{\"@type\":\"ImageObject\",\"inLanguage\":\"en-GB\",\"@id\":\"https:\/\/cannes-fayet.com\/#\/schema\/logo\/image\/\",\"url\":\"http:\/\/cannes-fayet.com\/wp-content\/uploads\/2019\/09\/Fayet_NouveauLogo_2017_Quadri-710x1024.png\",\"contentUrl\":\"http:\/\/cannes-fayet.com\/wp-content\/uploads\/2019\/09\/Fayet_NouveauLogo_2017_Quadri-710x1024.png\",\"width\":710,\"height\":1024,\"caption\":\"Cannes Fayet\"},\"image\":{\"@id\":\"https:\/\/cannes-fayet.com\/#\/schema\/logo\/image\/\"},\"sameAs\":[\"https:\/\/www.facebook.com\/CannesFayet1909\/\",\"https:\/\/www.instagram.com\/cannesfayet\/\",\"https:\/\/www.linkedin.com\/company\/cannesfayet\/\",\"https:\/\/www.pinterest.fr\/Cannesfayet\/\"]}]}<\/script>\n<!-- \/ Yoast SEO plugin. -->","yoast_head_json":{"title":"Mentions L\u00e9gales - Cannes Fayet\u00ae","description":"PR\u00c9SENTATION DU SITE URL : http:\/\/www.cannes-fayet.com Soci\u00e9t\u00e9 : SARL cannes Fayet SE Adresse : 2 Zone artisanale de Bournat, Route de Lezoux, 63190 ...","robots":{"index":"index","follow":"follow","max-snippet":"max-snippet:-1","max-image-preview":"max-image-preview:large","max-video-preview":"max-video-preview:-1"},"canonical":"https:\/\/cannes-fayet.com\/en\/mentions-legales\/","og_locale":"en_GB","og_type":"article","og_title":"Mentions L\u00e9gales - Cannes Fayet\u00ae","og_description":"PR\u00c9SENTATION DU SITE URL : http:\/\/www.cannes-fayet.com Soci\u00e9t\u00e9 : SARL cannes Fayet SE Adresse : 2 Zone artisanale de Bournat, Route de Lezoux, 63190 ...","og_url":"https:\/\/cannes-fayet.com\/en\/mentions-legales\/","og_site_name":"Cannes Fayet\u00ae","article_publisher":"https:\/\/www.facebook.com\/CannesFayet1909\/","article_modified_time":"2019-10-28T16:58:05+00:00","twitter_card":"summary_large_image","twitter_misc":{"Estimated reading time":"1 minute"},"schema":{"@context":"https:\/\/schema.org","@graph":[{"@type":"WebPage","@id":"https:\/\/cannes-fayet.com\/mentions-legales\/","url":"https:\/\/cannes-fayet.com\/mentions-legales\/","name":"Mentions L\u00e9gales - Cannes Fayet\u00ae","isPartOf":{"@id":"https:\/\/cannes-fayet.com\/#website"},"datePublished":"2019-10-10T19:29:04+00:00","dateModified":"2019-10-28T16:58:05+00:00","description":"PR\u00c9SENTATION DU SITE URL : http:\/\/www.cannes-fayet.com Soci\u00e9t\u00e9 : SARL cannes Fayet SE Adresse : 2 Zone artisanale de Bournat, Route de Lezoux, 63190 ...","breadcrumb":{"@id":"https:\/\/cannes-fayet.com\/mentions-legales\/#breadcrumb"},"inLanguage":"en-GB","potentialAction":[{"@type":"ReadAction","target":["https:\/\/cannes-fayet.com\/mentions-legales\/"]}]},{"@type":"BreadcrumbList","@id":"https:\/\/cannes-fayet.com\/mentions-legales\/#breadcrumb","itemListElement":[{"@type":"ListItem","position":1,"name":"Accueil","item":"https:\/\/cannes-fayet.com\/"},{"@type":"ListItem","position":2,"name":"Mentions L\u00e9gales"}]},{"@type":"WebSite","@id":"https:\/\/cannes-fayet.com\/#website","url":"https:\/\/cannes-fayet.com\/","name":"Cannes Fayet","description":"Cannes de marche, parapluies, accessoires pour cannes : cannes Fayet\u00ae depuis 1909","publisher":{"@id":"https:\/\/cannes-fayet.com\/#organization"},"potentialAction":[{"@type":"SearchAction","target":{"@type":"EntryPoint","urlTemplate":"https:\/\/cannes-fayet.com\/?s={search_term_string}"},"query-input":{"@type":"PropertyValueSpecification","valueRequired":true,"valueName":"search_term_string"}}],"inLanguage":"en-GB"},{"@type":"Organization","@id":"https:\/\/cannes-fayet.com\/#organization","name":"Cannes Fayet","url":"https:\/\/cannes-fayet.com\/","logo":{"@type":"ImageObject","inLanguage":"en-GB","@id":"https:\/\/cannes-fayet.com\/#\/schema\/logo\/image\/","url":"http:\/\/cannes-fayet.com\/wp-content\/uploads\/2019\/09\/Fayet_NouveauLogo_2017_Quadri-710x1024.png","contentUrl":"http:\/\/cannes-fayet.com\/wp-content\/uploads\/2019\/09\/Fayet_NouveauLogo_2017_Quadri-710x1024.png","width":710,"height":1024,"caption":"Cannes Fayet"},"image":{"@id":"https:\/\/cannes-fayet.com\/#\/schema\/logo\/image\/"},"sameAs":["https:\/\/www.facebook.com\/CannesFayet1909\/","https:\/\/www.instagram.com\/cannesfayet\/","https:\/\/www.linkedin.com\/company\/cannesfayet\/","https:\/\/www.pinterest.fr\/Cannesfayet\/"]}]}},"_links":{"self":[{"href":"http:\/\/cannes-fayet.com\/en\/wp-json\/wp\/v2\/pages\/5080","targetHints":{"allow":["GET"]}}],"collection":[{"href":"http:\/\/cannes-fayet.com\/en\/wp-json\/wp\/v2\/pages"}],"about":[{"href":"http:\/\/cannes-fayet.com\/en\/wp-json\/wp\/v2\/types\/page"}],"author":[{"embeddable":true,"href":"http:\/\/cannes-fayet.com\/en\/wp-json\/wp\/v2\/users\/1"}],"replies":[{"embeddable":true,"href":"http:\/\/cannes-fayet.com\/en\/wp-json\/wp\/v2\/comments?post=5080"}],"version-history":[{"count":9,"href":"http:\/\/cannes-fayet.com\/en\/wp-json\/wp\/v2\/pages\/5080\/revisions"}],"predecessor-version":[{"id":5089,"href":"http:\/\/cannes-fayet.com\/en\/wp-json\/wp\/v2\/pages\/5080\/revisions\/5089"}],"wp:attachment":[{"href":"http:\/\/cannes-fayet.com\/en\/wp-json\/wp\/v2\/media?parent=5080"}],"curies":[{"name":"wp","href":"https:\/\/api.w.org\/{rel}","templated":true}]}}