{"id":445,"date":"2015-10-29T15:51:21","date_gmt":"2015-10-29T15:51:21","guid":{"rendered":"http:\/\/chandelier.elated-themes.com\/?page_id=445"},"modified":"2026-01-20T12:14:55","modified_gmt":"2026-01-20T11:14:55","slug":"vintage","status":"publish","type":"page","link":"https:\/\/cannes-fayet.com\/en\/","title":{"rendered":"HOME"},"content":{"rendered":"<div data-eltd-parallax-speed=\"1\" class=\"vc_row wpb_row vc_row-fluid eltd-section eltd-content-aligment-right eltd-grid-section\" style=\"\"><div class=\"clearfix eltd-section-inner\"><div class=\"eltd-section-inner-margin clearfix\"><div class=\"wpb_column vc_column_container vc_col-sm-12 vc_col-lg-offset-0 vc_col-md-offset-0 vc_col-md-6 vc_col-sm-offset-0\"><div class=\"vc_column-inner vc_custom_1447677924864\"><div class=\"wpb_wrapper\"><div class=\"vc_empty_space\"   style=\"height: 50px\"><span class=\"vc_empty_space_inner\"><\/span><\/div><div class=\"vc_empty_space\"   style=\"height: 50px\"><span class=\"vc_empty_space_inner\"><\/span><\/div><div class=\"eltd-section-title-outer-holder animate\" style=\"text-align: right\">\n\t<div class=\"eltd-section-title-subtitle-holder\">\n\t\t<h3 class=\"eltd-section-subtitle\" style=\";\">Short<\/h3>\n\t<\/div>\n\t<div class=\"eltd-section-title-holder\">\n\t\t<h2 class=\"eltd-section-title\" style=\";\">presentation<\/h2>\n\t<\/div>\n<\/div><div class=\"vc_empty_space\"   style=\"height: 25px\"><span class=\"vc_empty_space_inner\"><\/span><\/div>\n\t<div class=\"wpb_text_column wpb_content_element\" >\n\t\t<div class=\"wpb_wrapper\">\n\t\t\t<p>Since 1909 the family enterprise Fayet\u00ae has succeeded in preserving all its authenticity in manufacturing its walking sticks of the highest quality. The last factory of sticks of France, possessing a know-how in the respect for the tradition since 4 generations.<\/p>\n\n\t\t<\/div>\n\t<\/div>\n<div class=\"vc_empty_space\"   style=\"height: 20px\"><span class=\"vc_empty_space_inner\"><\/span><\/div><a href=\"\/en\/cannesfayet\/a-propos\/\" target=\"_self\"  class=\"eltd-btn eltd-btn-medium eltd-btn-outline\"  >\n    <span class=\"eltd-btn-text\">see more<\/span>\n    <\/a><div class=\"vc_empty_space\"   style=\"height: 94px\"><span class=\"vc_empty_space_inner\"><\/span><\/div><\/div><\/div><\/div><div class=\"wpb_column vc_column_container vc_col-sm-12 vc_col-lg-offset-0 vc_col-md-offset-0 vc_col-md-6 vc_col-sm-offset-0\"><div class=\"vc_column-inner\"><div class=\"wpb_wrapper\"><div class=\"vc_empty_space\"   style=\"height: 50px\"><span class=\"vc_empty_space_inner\"><\/span><\/div><div class=\"vc_empty_space\"   style=\"height: 50px\"><span class=\"vc_empty_space_inner\"><\/span><\/div>\n\t<div  class=\"wpb_single_image wpb_content_element vc_align_left  wpb_animate_when_almost_visible wpb_right-to-left right-to-left\">\n\t\t\n\t\t<figure class=\"wpb_wrapper vc_figure\">\n\t\t\t<div class=\"vc_single_image-wrapper   vc_box_border_grey\"><img loading=\"lazy\" decoding=\"async\" width=\"800\" height=\"436\" src=\"https:\/\/cannes-fayet.com\/wp-content\/uploads\/2019\/09\/a-propos-entreprise.jpg\" class=\"vc_single_image-img attachment-full\" alt=\"\u00e0 propos entreprise\" srcset=\"https:\/\/cannes-fayet.com\/wp-content\/uploads\/2019\/09\/a-propos-entreprise.jpg 800w, https:\/\/cannes-fayet.com\/wp-content\/uploads\/2019\/09\/a-propos-entreprise-300x164.jpg 300w, https:\/\/cannes-fayet.com\/wp-content\/uploads\/2019\/09\/a-propos-entreprise-768x419.jpg 768w\" sizes=\"auto, (max-width: 800px) 100vw, 800px\" \/><\/div>\n\t\t<\/figure>\n\t<\/div>\n<div class=\"vc_empty_space\"   style=\"height: 94px\"><span class=\"vc_empty_space_inner\"><\/span><\/div><\/div><\/div><\/div><\/div><\/div><\/div><div data-eltd-parallax-speed=\"0.8\" class=\"vc_row wpb_row vc_row-fluid eltd-section eltd-content-aligment-left eltd-parallax-section-holder eltd-parallax-section-holder-touch-disabled\" style=\"background-image:url(https:\/\/cannes-fayet.com\/wp-content\/uploads\/2019\/09\/accueil-notre-savoir-faire.jpg);min-height:700px;height:auto;\"><div class=\"eltd-parallax-section-inner\"><div class=\"clearfix eltd-full-section-inner\"><div class=\"wpb_column vc_column_container vc_col-sm-12\"><div class=\"vc_column-inner\"><div class=\"wpb_wrapper\"><div class=\"vc_empty_space\"   style=\"height: 100px\"><span class=\"vc_empty_space_inner\"><\/span><\/div><div class=\"eltd-section-title-outer-holder animate\" style=\"text-align: center\">\n\t<div class=\"eltd-section-title-subtitle-holder\">\n\t\t<h3 class=\"eltd-section-subtitle\" style=\";\">Our<\/h3>\n\t<\/div>\n\t<div class=\"eltd-section-title-holder\">\n\t\t<h2 class=\"eltd-section-title\" style=\";color: #ffffff\">Know-how<\/h2>\n\t<\/div>\n<\/div><div class=\"vc_empty_space\"   style=\"height: 44px\"><span class=\"vc_empty_space_inner\"><\/span><\/div>\n\t<div class=\"wpb_text_column wpb_content_element\" >\n\t\t<div class=\"wpb_wrapper\">\n\t\t\t<p style=\"text-align: center;\"><span style=\"color: #ffffff;\">While today the Maison Fayet\u00ae offers resolutely modern and contemporary canes, the manufacturing techniques have not changed much.<\/span><\/p>\n<p style=\"text-align: center;\"><span style=\"color: #ffffff;\">Thus, the Fayet walking sticks are made in the factory workshops according to ancestral know-how passed down from generation to generation.<\/span><\/p>\n\n\t\t<\/div>\n\t<\/div>\n<div data-eltd-parallax-speed=\"1\" class=\"vc_row wpb_row vc_inner vc_row-fluid eltd-section eltd-content-aligment-center\" style=\"\"><div class=\"eltd-full-section-inner\"><div class=\"wpb_column vc_column_container vc_col-sm-12\"><div class=\"vc_column-inner\"><div class=\"wpb_wrapper\"><div class=\"vc_empty_space\"   style=\"height: 32px\"><span class=\"vc_empty_space_inner\"><\/span><\/div><a href=\"\/en\/cannesfayet\/notre-savoir-faire\/\" target=\"_self\" style=\"color: #ffffff\" class=\"eltd-btn eltd-btn-medium eltd-btn-outline eltd-btn-custom-hover-color\" data-hover-color=\"#c18a21\" >\n    <span class=\"eltd-btn-text\">see more<\/span>\n    <\/a><\/div><\/div><\/div><\/div><\/div><\/div><\/div><\/div><\/div><\/div><\/div><div data-eltd-parallax-speed=\"1\" class=\"vc_row wpb_row vc_row-fluid eltd-section eltd-content-aligment-center\" style=\"\"><div class=\"clearfix eltd-full-section-inner\"><div class=\"wpb_column vc_column_container vc_col-sm-12 vc_hidden-lg vc_hidden-md vc_hidden-sm vc_hidden-xs\"><div class=\"vc_column-inner\"><div class=\"wpb_wrapper\">\n\t<div  class=\"wpb_single_image wpb_content_element vc_align_center\">\n\t\t\n\t\t<figure class=\"wpb_wrapper vc_figure\">\n\t\t\t<a href=\"https:\/\/www.smartcane.fr\/\" target=\"_blank\" class=\"vc_single_image-wrapper   vc_box_border_grey\"><img loading=\"lazy\" decoding=\"async\" width=\"1920\" height=\"950\" src=\"https:\/\/cannes-fayet.com\/wp-content\/uploads\/2019\/10\/smartcane-banner.jpg\" class=\"vc_single_image-img attachment-full\" alt=\"banier smartcane\" srcset=\"https:\/\/cannes-fayet.com\/wp-content\/uploads\/2019\/10\/smartcane-banner.jpg 1920w, https:\/\/cannes-fayet.com\/wp-content\/uploads\/2019\/10\/smartcane-banner-300x148.jpg 300w, https:\/\/cannes-fayet.com\/wp-content\/uploads\/2019\/10\/smartcane-banner-768x380.jpg 768w, https:\/\/cannes-fayet.com\/wp-content\/uploads\/2019\/10\/smartcane-banner-1024x507.jpg 1024w\" sizes=\"auto, (max-width: 1920px) 100vw, 1920px\" \/><\/a>\n\t\t<\/figure>\n\t<\/div>\n<\/div><\/div><\/div><\/div><\/div><div data-eltd-parallax-speed=\"1\" class=\"vc_row wpb_row vc_row-fluid eltd-section eltd-content-aligment-center eltd-parallax-section-holder eltd-parallax-section-holder-touch-disabled eltd-full-screen-height-parallax eltd-vertical-middle-align\" style=\"background-image:url(https:\/\/cannes-fayet.com\/wp-content\/uploads\/2019\/10\/accueil-nos-realisations.jpg);\"><div class=\"eltd-parallax-content-outer\"><div class=\"clearfix eltd-full-section-inner\"><div class=\"wpb_column vc_column_container vc_col-sm-12\"><div class=\"vc_column-inner\"><div class=\"wpb_wrapper\"><div class=\"vc_empty_space\"   style=\"height: 44px\"><span class=\"vc_empty_space_inner\"><\/span><\/div><div class=\"eltd-section-title-outer-holder animate\" style=\"text-align: center\">\n\t<div class=\"eltd-section-title-subtitle-holder\">\n\t\t<h3 class=\"eltd-section-subtitle\" style=\";\">Some of our<\/h3>\n\t<\/div>\n\t<div class=\"eltd-section-title-holder\">\n\t\t<h2 class=\"eltd-section-title\" style=\";color: #ffffff\">CREATIONS<\/h2>\n\t<\/div>\n<\/div><div class=\"vc_empty_space\"   style=\"height: 60px\"><span class=\"vc_empty_space_inner\"><\/span><\/div><div data-eltd-parallax-speed=\"1\" class=\"vc_row wpb_row vc_inner vc_row-fluid eltd-section vc_custom_1571680655245 eltd-content-aligment-center\" style=\"\"><div class=\"eltd-full-section-inner\"><div class=\"wpb_column vc_column_container vc_col-sm-12\"><div class=\"vc_column-inner\"><div class=\"wpb_wrapper\"><a href=\"\/en\/cannesfayet\/nos-realisations\/\" target=\"_self\" style=\"color: #ffffff\" class=\"eltd-btn eltd-btn-medium eltd-btn-outline eltd-btn-custom-hover-color\" data-hover-color=\"#c18a21\" >\n    <span class=\"eltd-btn-text\">see more<\/span>\n    <\/a><div class=\"vc_empty_space\"   style=\"height: 32px\"><span class=\"vc_empty_space_inner\"><\/span><\/div><\/div><\/div><\/div><\/div><\/div><\/div><\/div><\/div><\/div><\/div><\/div><div data-eltd-parallax-speed=\"1\" class=\"vc_row wpb_row vc_row-fluid eltd-section eltd-content-aligment-left\" style=\"\"><div class=\"clearfix eltd-full-section-inner\"><div class=\"wpb_column vc_column_container vc_col-sm-12\"><div class=\"vc_column-inner\"><div class=\"wpb_wrapper\"><div class=\"vc_empty_space\"   style=\"height: 32px\"><span class=\"vc_empty_space_inner\"><\/span><\/div><div class=\"eltd-section-title-outer-holder animate\" style=\"text-align: center\">\n\t<div class=\"eltd-section-title-subtitle-holder\">\n\t\t<h3 class=\"eltd-section-subtitle\" style=\";\">Catalogs<\/h3>\n\t<\/div>\n\t<div class=\"eltd-section-title-holder\">\n\t\t<h2 class=\"eltd-section-title\" style=\";\">to download<\/h2>\n\t<\/div>\n<\/div><div class=\"vc_empty_space\"   style=\"height: 32px\"><span class=\"vc_empty_space_inner\"><\/span><\/div><\/div><\/div><\/div><\/div><\/div><div data-eltd-parallax-speed=\"1\" class=\"vc_row wpb_row vc_row-fluid eltd-section eltd-content-aligment-left eltd-grid-section\" style=\"\"><div class=\"clearfix eltd-section-inner\"><div class=\"eltd-section-inner-margin clearfix\"><div class=\"wpb_column vc_column_container vc_col-sm-6\"><div class=\"vc_column-inner\"><div class=\"wpb_wrapper\"><div class=\"vc_empty_space\"   style=\"height: 32px\"><span class=\"vc_empty_space_inner\"><\/span><\/div><div class=\"eltd-accordion-holder clearfix eltd-toggle eltd-initial\">\n\t<h6 class=\"clearfix eltd-title-holder\">\n\t<div class=\"eltd-title-holder-inner\">\n\t\t<span class=\"eltd-accordion-mark eltd-left-mark\">\n\t\t\t<span class=\"eltd-accordion-mark-icon\">\n\t\t\t\t<span class=\"icon_plus\"><\/span>\n\t\t\t\t<span class=\"icon_minus-06\"><\/span>\n\t\t\t<\/span>\n\t\t<\/span>\n\t\t<span class=\"eltd-tab-title\">\n\t\t\t<span class=\"eltd-tab-title-inner\">\n\t\t\t\tCATALOGUE FAYET 2026-2027\t\t\t<\/span>\n\t\t<\/span>\t\t\n\t<\/div>\t\n<\/h6>\n<div class=\"eltd-accordion-content\">\n\t<div class=\"eltd-accordion-content-inner\">\n\t\t<a href=\"https:\/\/cannes-fayet.com\/wp-content\/uploads\/2026\/01\/FAYET_CATALOGUE_2026_2027-email.pdf\" target=\"_self\"  class=\"eltd-btn eltd-btn-medium eltd-btn-outline\"  >\n    <span class=\"eltd-btn-text\">Download<\/span>\n    <\/a>\t<\/div>\n<\/div>\n\n<h6 class=\"clearfix eltd-title-holder\">\n\t<div class=\"eltd-title-holder-inner\">\n\t\t<span class=\"eltd-accordion-mark eltd-left-mark\">\n\t\t\t<span class=\"eltd-accordion-mark-icon\">\n\t\t\t\t<span class=\"icon_plus\"><\/span>\n\t\t\t\t<span class=\"icon_minus-06\"><\/span>\n\t\t\t<\/span>\n\t\t<\/span>\n\t\t<span class=\"eltd-tab-title\">\n\t\t\t<span class=\"eltd-tab-title-inner\">\n\t\t\t\tCATALOG FAYET PRESTIGE\t\t\t<\/span>\n\t\t<\/span>\t\t\n\t<\/div>\t\n<\/h6>\n<div class=\"eltd-accordion-content\">\n\t<div class=\"eltd-accordion-content-inner\">\n\t\t<a href=\"http:\/\/cannes-fayet.com\/wp-content\/uploads\/2019\/11\/Catalogue-Prestige.pdf\" target=\"_self\"  class=\"eltd-btn eltd-btn-medium eltd-btn-outline\"  >\n    <span class=\"eltd-btn-text\">Download<\/span>\n    <\/a>\t<\/div>\n<\/div>\n\n      \n<\/div><div class=\"vc_empty_space\"   style=\"height: 64px\"><span class=\"vc_empty_space_inner\"><\/span><\/div><\/div><\/div><\/div><div class=\"wpb_column vc_column_container vc_col-sm-6\"><div class=\"vc_column-inner\"><div class=\"wpb_wrapper\"><div class=\"vc_empty_space\"   style=\"height: 32px\"><span class=\"vc_empty_space_inner\"><\/span><\/div>\n\t<div  class=\"wpb_single_image wpb_content_element vc_align_left\">\n\t\t\n\t\t<figure class=\"wpb_wrapper vc_figure\">\n\t\t\t<div class=\"vc_single_image-wrapper   vc_box_border_grey\"><img loading=\"lazy\" decoding=\"async\" width=\"1024\" height=\"683\" src=\"https:\/\/cannes-fayet.com\/wp-content\/uploads\/2019\/09\/AU1A8145-copie-1024x683.jpg\" class=\"vc_single_image-img attachment-large\" alt=\"catalog - skull\" srcset=\"https:\/\/cannes-fayet.com\/wp-content\/uploads\/2019\/09\/AU1A8145-copie-1024x683.jpg 1024w, https:\/\/cannes-fayet.com\/wp-content\/uploads\/2019\/09\/AU1A8145-copie-300x200.jpg 300w, https:\/\/cannes-fayet.com\/wp-content\/uploads\/2019\/09\/AU1A8145-copie-768x512.jpg 768w, https:\/\/cannes-fayet.com\/wp-content\/uploads\/2019\/09\/AU1A8145-copie-600x400.jpg 600w\" sizes=\"auto, (max-width: 1024px) 100vw, 1024px\" \/><\/div>\n\t\t<\/figure>\n\t<\/div>\n<div class=\"vc_empty_space\"   style=\"height: 64px\"><span class=\"vc_empty_space_inner\"><\/span><\/div><\/div><\/div><\/div><\/div><\/div><\/div><div data-eltd-parallax-speed=\"0.8\" class=\"vc_row wpb_row vc_row-fluid eltd-section counter-background-right vc_custom_1571567197108 eltd-content-aligment-center eltd-parallax-section-holder eltd-parallax-section-holder-touch-disabled eltd-grid-section\" style=\"background-image:url(https:\/\/cannes-fayet.com\/wp-content\/uploads\/2019\/09\/accueil-parallax-counter3.jpg);min-height:200px;height:auto;\"><div class=\"eltd-parallax-section-inner\"><div class=\"clearfix eltd-section-inner\"><div class=\"eltd-section-inner-margin clearfix\"><div class=\"wpb_column vc_column_container vc_col-sm-3\"><div class=\"vc_column-inner\"><div class=\"wpb_wrapper\"><div class=\"eltd-counter-holder center light\" >\n\t<div class=\"eltd-counter-icon-holder\">\n\t\t<div class=\"eltd-counter-icon-holder-inner\">\n\t\t\t\n    <span class=\"eltd-icon-shortcode normal\"  data-color=\"#c18a21\">\n        \n        <i class=\"eltd-icon-font-awesome fa fa-home eltd-icon-element\" style=\"color: #c18a21;font-size:23px\" ><\/i>\n            <\/span>\n\n\t\t<\/div>\n\t\t<span class=\"eltd-counter zero\" style=\"font-size: 31px\">\n\t\t1909\t<\/span>\n\t<\/div>\n\t<h6 class=\"eltd-counter-title\" style=\"color: #c18a21\">\n\t\tyear of creation\t<\/h6>\n\t\n<\/div><\/div><\/div><\/div><div class=\"wpb_column vc_column_container vc_col-sm-3\"><div class=\"vc_column-inner\"><div class=\"wpb_wrapper\"><div class=\"eltd-counter-holder center light\" >\n\t<div class=\"eltd-counter-icon-holder\">\n\t\t<div class=\"eltd-counter-icon-holder-inner\">\n\t\t\t\n    <span class=\"eltd-icon-shortcode normal\"  data-color=\"#c18a21\">\n        \n        <i class=\"eltd-icon-font-awesome fa fa-bar-chart eltd-icon-element\" style=\"color: #c18a21;font-size:23px\" ><\/i>\n            <\/span>\n\n\t\t<\/div>\n\t\t<span class=\"eltd-counter zero\" style=\"font-size: 31px\">\n\t\t25000\t<\/span>\n\t<\/div>\n\t<h6 class=\"eltd-counter-title\" style=\"color: #c18a21\">\n\t\tWalking sticks per year\t<\/h6>\n\t\n<\/div><\/div><\/div><\/div><div class=\"wpb_column vc_column_container vc_col-sm-3\"><div class=\"vc_column-inner\"><div class=\"wpb_wrapper\"><div class=\"eltd-counter-holder center light\" >\n\t<div class=\"eltd-counter-icon-holder\">\n\t\t<div class=\"eltd-counter-icon-holder-inner\">\n\t\t\t\n    <span class=\"eltd-icon-shortcode normal\"  data-color=\"#c18a21\">\n        \n        <i class=\"eltd-icon-font-awesome fa fa-users eltd-icon-element\" style=\"color: #c18a21;font-size:23px\" ><\/i>\n            <\/span>\n\n\t\t<\/div>\n\t\t<span class=\"eltd-counter zero\" style=\"font-size: 31px\">\n\t\t4\t<\/span>\n\t<\/div>\n\t<h6 class=\"eltd-counter-title\" style=\"color: #c18a21\">\n\t\tGenerations\t<\/h6>\n\t\n<\/div><\/div><\/div><\/div><div class=\"wpb_column vc_column_container vc_col-sm-3\"><div class=\"vc_column-inner\"><div class=\"wpb_wrapper\"><div class=\"eltd-counter-holder center light\" >\n\t<div class=\"eltd-counter-icon-holder\">\n\t\t<div class=\"eltd-counter-icon-holder-inner\">\n\t\t\t\n    <span class=\"eltd-icon-shortcode normal\"  data-color=\"#c18a21\">\n        \n        <i class=\"eltd-icon-font-awesome fa fa-star eltd-icon-element\" style=\"color: #c18a21;font-size:23px\" ><\/i>\n            <\/span>\n\n\t\t<\/div>\n\t\t<span class=\"eltd-counter zero\" style=\"font-size: 31px\">\n\t\t720\t<\/span>\n\t<\/div>\n\t<h6 class=\"eltd-counter-title\" style=\"color: #c18a21\">\n\t\tReference of the walking stick used by Dr House\t<\/h6>\n\t\n<\/div><\/div><\/div><\/div><\/div><\/div><\/div><\/div>","protected":false},"excerpt":{"rendered":"Petite Pr\u00e9sentation Depuis 1909, l\u2019entreprise familiale Fayet\u00ae a su pr\u00e9server toute son authenticit\u00e9 dans la fabrication de ses cannes. La derni\u00e8re fabrique de cannes de France, poss\u00e9dant un savoir-faire dans le respect de la tradition depuis 4 g\u00e9n\u00e9rations. voir plus Notre Savoir-faire Si aujourd\u2019hui la...","protected":false},"author":1,"featured_media":0,"parent":0,"menu_order":0,"comment_status":"closed","ping_status":"closed","template":"full-width.php","meta":{"_exactmetrics_skip_tracking":false,"_exactmetrics_sitenote_active":false,"_exactmetrics_sitenote_note":"","_exactmetrics_sitenote_category":0,"footnotes":""},"class_list":["post-445","page","type-page","status-publish","hentry"],"yoast_head":"<!-- This site is optimized with the Yoast SEO plugin v25.1 - https:\/\/yoast.com\/wordpress\/plugins\/seo\/ -->\n<title>Accueil - Cannes Fayet\u00ae<\/title>\n<meta name=\"description\" content=\"Depuis 1909, l\u2019entreprise familiale Fayet\u00ae a su pr\u00e9server toute son authenticit\u00e9 dans la fabrication de ses cannes. La derni\u00e8re fabrique de cannes de ...\" \/>\n<meta name=\"robots\" content=\"index, follow, max-snippet:-1, max-image-preview:large, max-video-preview:-1\" \/>\n<link rel=\"canonical\" href=\"https:\/\/cannes-fayet.com\/en\/\" \/>\n<meta property=\"og:locale\" content=\"en_GB\" \/>\n<meta property=\"og:type\" content=\"article\" \/>\n<meta property=\"og:title\" content=\"Accueil - Cannes Fayet\u00ae\" \/>\n<meta property=\"og:description\" content=\"Depuis 1909, l\u2019entreprise familiale Fayet\u00ae a su pr\u00e9server toute son authenticit\u00e9 dans la fabrication de ses cannes. La derni\u00e8re fabrique de cannes de ...\" \/>\n<meta property=\"og:url\" content=\"https:\/\/cannes-fayet.com\/en\/\" \/>\n<meta property=\"og:site_name\" content=\"Cannes Fayet\u00ae\" \/>\n<meta property=\"article:publisher\" content=\"https:\/\/www.facebook.com\/CannesFayet1909\/\" \/>\n<meta property=\"article:modified_time\" content=\"2026-01-20T11:14:55+00:00\" \/>\n<meta name=\"twitter:card\" content=\"summary_large_image\" \/>\n<meta name=\"twitter:label1\" content=\"Estimated reading time\" \/>\n\t<meta name=\"twitter:data1\" content=\"2 minutes\" \/>\n<script type=\"application\/ld+json\" class=\"yoast-schema-graph\">{\"@context\":\"https:\/\/schema.org\",\"@graph\":[{\"@type\":\"WebPage\",\"@id\":\"https:\/\/cannes-fayet.com\/\",\"url\":\"https:\/\/cannes-fayet.com\/\",\"name\":\"Accueil - Cannes Fayet\u00ae\",\"isPartOf\":{\"@id\":\"https:\/\/cannes-fayet.com\/#website\"},\"datePublished\":\"2015-10-29T15:51:21+00:00\",\"dateModified\":\"2026-01-20T11:14:55+00:00\",\"description\":\"Depuis 1909, l\u2019entreprise familiale Fayet\u00ae a su pr\u00e9server toute son authenticit\u00e9 dans la fabrication de ses cannes. La derni\u00e8re fabrique de cannes de ...\",\"breadcrumb\":{\"@id\":\"https:\/\/cannes-fayet.com\/#breadcrumb\"},\"inLanguage\":\"en-GB\",\"potentialAction\":[{\"@type\":\"ReadAction\",\"target\":[\"https:\/\/cannes-fayet.com\/\"]}]},{\"@type\":\"BreadcrumbList\",\"@id\":\"https:\/\/cannes-fayet.com\/#breadcrumb\",\"itemListElement\":[{\"@type\":\"ListItem\",\"position\":1,\"name\":\"Accueil\",\"item\":\"https:\/\/cannes-fayet.com\/\"},{\"@type\":\"ListItem\",\"position\":2,\"name\":\"Accueil\"}]},{\"@type\":\"WebSite\",\"@id\":\"https:\/\/cannes-fayet.com\/#website\",\"url\":\"https:\/\/cannes-fayet.com\/\",\"name\":\"Cannes Fayet\",\"description\":\"Cannes de marche, parapluies, accessoires pour cannes : cannes Fayet\u00ae depuis 1909\",\"publisher\":{\"@id\":\"https:\/\/cannes-fayet.com\/#organization\"},\"potentialAction\":[{\"@type\":\"SearchAction\",\"target\":{\"@type\":\"EntryPoint\",\"urlTemplate\":\"https:\/\/cannes-fayet.com\/?s={search_term_string}\"},\"query-input\":{\"@type\":\"PropertyValueSpecification\",\"valueRequired\":true,\"valueName\":\"search_term_string\"}}],\"inLanguage\":\"en-GB\"},{\"@type\":\"Organization\",\"@id\":\"https:\/\/cannes-fayet.com\/#organization\",\"name\":\"Cannes Fayet\",\"url\":\"https:\/\/cannes-fayet.com\/\",\"logo\":{\"@type\":\"ImageObject\",\"inLanguage\":\"en-GB\",\"@id\":\"https:\/\/cannes-fayet.com\/#\/schema\/logo\/image\/\",\"url\":\"http:\/\/cannes-fayet.com\/wp-content\/uploads\/2019\/09\/Fayet_NouveauLogo_2017_Quadri-710x1024.png\",\"contentUrl\":\"http:\/\/cannes-fayet.com\/wp-content\/uploads\/2019\/09\/Fayet_NouveauLogo_2017_Quadri-710x1024.png\",\"width\":710,\"height\":1024,\"caption\":\"Cannes Fayet\"},\"image\":{\"@id\":\"https:\/\/cannes-fayet.com\/#\/schema\/logo\/image\/\"},\"sameAs\":[\"https:\/\/www.facebook.com\/CannesFayet1909\/\",\"https:\/\/www.instagram.com\/cannesfayet\/\",\"https:\/\/www.linkedin.com\/company\/cannesfayet\/\",\"https:\/\/www.pinterest.fr\/Cannesfayet\/\"]}]}<\/script>\n<!-- \/ Yoast SEO plugin. -->","yoast_head_json":{"title":"Accueil - Cannes Fayet\u00ae","description":"Depuis 1909, l\u2019entreprise familiale Fayet\u00ae a su pr\u00e9server toute son authenticit\u00e9 dans la fabrication de ses cannes. La derni\u00e8re fabrique de cannes de ...","robots":{"index":"index","follow":"follow","max-snippet":"max-snippet:-1","max-image-preview":"max-image-preview:large","max-video-preview":"max-video-preview:-1"},"canonical":"https:\/\/cannes-fayet.com\/en\/","og_locale":"en_GB","og_type":"article","og_title":"Accueil - Cannes Fayet\u00ae","og_description":"Depuis 1909, l\u2019entreprise familiale Fayet\u00ae a su pr\u00e9server toute son authenticit\u00e9 dans la fabrication de ses cannes. La derni\u00e8re fabrique de cannes de ...","og_url":"https:\/\/cannes-fayet.com\/en\/","og_site_name":"Cannes Fayet\u00ae","article_publisher":"https:\/\/www.facebook.com\/CannesFayet1909\/","article_modified_time":"2026-01-20T11:14:55+00:00","twitter_card":"summary_large_image","twitter_misc":{"Estimated reading time":"2 minutes"},"schema":{"@context":"https:\/\/schema.org","@graph":[{"@type":"WebPage","@id":"https:\/\/cannes-fayet.com\/","url":"https:\/\/cannes-fayet.com\/","name":"Accueil - Cannes Fayet\u00ae","isPartOf":{"@id":"https:\/\/cannes-fayet.com\/#website"},"datePublished":"2015-10-29T15:51:21+00:00","dateModified":"2026-01-20T11:14:55+00:00","description":"Depuis 1909, l\u2019entreprise familiale Fayet\u00ae a su pr\u00e9server toute son authenticit\u00e9 dans la fabrication de ses cannes. La derni\u00e8re fabrique de cannes de ...","breadcrumb":{"@id":"https:\/\/cannes-fayet.com\/#breadcrumb"},"inLanguage":"en-GB","potentialAction":[{"@type":"ReadAction","target":["https:\/\/cannes-fayet.com\/"]}]},{"@type":"BreadcrumbList","@id":"https:\/\/cannes-fayet.com\/#breadcrumb","itemListElement":[{"@type":"ListItem","position":1,"name":"Accueil","item":"https:\/\/cannes-fayet.com\/"},{"@type":"ListItem","position":2,"name":"Accueil"}]},{"@type":"WebSite","@id":"https:\/\/cannes-fayet.com\/#website","url":"https:\/\/cannes-fayet.com\/","name":"Cannes Fayet","description":"Cannes de marche, parapluies, accessoires pour cannes : cannes Fayet\u00ae depuis 1909","publisher":{"@id":"https:\/\/cannes-fayet.com\/#organization"},"potentialAction":[{"@type":"SearchAction","target":{"@type":"EntryPoint","urlTemplate":"https:\/\/cannes-fayet.com\/?s={search_term_string}"},"query-input":{"@type":"PropertyValueSpecification","valueRequired":true,"valueName":"search_term_string"}}],"inLanguage":"en-GB"},{"@type":"Organization","@id":"https:\/\/cannes-fayet.com\/#organization","name":"Cannes Fayet","url":"https:\/\/cannes-fayet.com\/","logo":{"@type":"ImageObject","inLanguage":"en-GB","@id":"https:\/\/cannes-fayet.com\/#\/schema\/logo\/image\/","url":"http:\/\/cannes-fayet.com\/wp-content\/uploads\/2019\/09\/Fayet_NouveauLogo_2017_Quadri-710x1024.png","contentUrl":"http:\/\/cannes-fayet.com\/wp-content\/uploads\/2019\/09\/Fayet_NouveauLogo_2017_Quadri-710x1024.png","width":710,"height":1024,"caption":"Cannes Fayet"},"image":{"@id":"https:\/\/cannes-fayet.com\/#\/schema\/logo\/image\/"},"sameAs":["https:\/\/www.facebook.com\/CannesFayet1909\/","https:\/\/www.instagram.com\/cannesfayet\/","https:\/\/www.linkedin.com\/company\/cannesfayet\/","https:\/\/www.pinterest.fr\/Cannesfayet\/"]}]}},"_links":{"self":[{"href":"https:\/\/cannes-fayet.com\/en\/wp-json\/wp\/v2\/pages\/445","targetHints":{"allow":["GET"]}}],"collection":[{"href":"https:\/\/cannes-fayet.com\/en\/wp-json\/wp\/v2\/pages"}],"about":[{"href":"https:\/\/cannes-fayet.com\/en\/wp-json\/wp\/v2\/types\/page"}],"author":[{"embeddable":true,"href":"https:\/\/cannes-fayet.com\/en\/wp-json\/wp\/v2\/users\/1"}],"replies":[{"embeddable":true,"href":"https:\/\/cannes-fayet.com\/en\/wp-json\/wp\/v2\/comments?post=445"}],"version-history":[{"count":234,"href":"https:\/\/cannes-fayet.com\/en\/wp-json\/wp\/v2\/pages\/445\/revisions"}],"predecessor-version":[{"id":6257,"href":"https:\/\/cannes-fayet.com\/en\/wp-json\/wp\/v2\/pages\/445\/revisions\/6257"}],"wp:attachment":[{"href":"https:\/\/cannes-fayet.com\/en\/wp-json\/wp\/v2\/media?parent=445"}],"curies":[{"name":"wp","href":"https:\/\/api.w.org\/{rel}","templated":true}]}}