{"id":4495,"date":"2019-09-06T16:19:47","date_gmt":"2019-09-06T14:19:47","guid":{"rendered":"http:\/\/cannes-fayet.com\/?page_id=4495"},"modified":"2026-01-20T10:46:06","modified_gmt":"2026-01-20T09:46:06","slug":"catalogues","status":"publish","type":"page","link":"https:\/\/cannes-fayet.com\/en\/nos-realisations\/catalogues\/","title":{"rendered":"Catalogs"},"content":{"rendered":"<div data-eltd-anchor=\"icon\" data-eltd-parallax-speed=\"1\" class=\"vc_row wpb_row vc_row-fluid eltd-section eltd-content-aligment-left eltd-grid-section\" style=\"\"><div class=\"clearfix eltd-section-inner\"><div class=\"eltd-section-inner-margin clearfix\"><div class=\"wpb_column vc_column_container vc_col-sm-12\"><div class=\"vc_column-inner\"><div class=\"wpb_wrapper\"><div class=\"vc_empty_space\"   style=\"height: 22px\"><span class=\"vc_empty_space_inner\"><\/span><\/div><div class=\"eltd-section-title-outer-holder\" style=\"text-align: center\">\n\t<div class=\"eltd-section-title-subtitle-holder\">\n\t\t<h3 class=\"eltd-section-subtitle\" style=\";color: #c18a21\">Download<\/h3>\n\t<\/div>\n\t<div class=\"eltd-section-title-holder\">\n\t\t<h2 class=\"eltd-section-title\" style=\";\">our catalogs<\/h2>\n\t<\/div>\n<\/div><\/div><\/div><\/div><\/div><\/div><\/div><div data-eltd-parallax-speed=\"1\" class=\"vc_row wpb_row vc_row-fluid eltd-section vc_custom_1448018985617 eltd-content-aligment-left eltd-grid-section\" style=\"\"><div class=\"clearfix eltd-section-inner\"><div class=\"eltd-section-inner-margin clearfix\"><div class=\"wpb_column vc_column_container vc_col-sm-6 vc_col-lg-offset-0 vc_col-lg-6 vc_col-md-offset-0 vc_col-sm-offset-0\"><div class=\"vc_column-inner\"><div class=\"wpb_wrapper\"><div class=\"eltd-accordion-holder clearfix eltd-toggle eltd-initial\">\n\t<h6 class=\"clearfix eltd-title-holder\">\n\t<div class=\"eltd-title-holder-inner\">\n\t\t<span class=\"eltd-accordion-mark eltd-left-mark\">\n\t\t\t<span class=\"eltd-accordion-mark-icon\">\n\t\t\t\t<span class=\"icon_plus\"><\/span>\n\t\t\t\t<span class=\"icon_minus-06\"><\/span>\n\t\t\t<\/span>\n\t\t<\/span>\n\t\t<span class=\"eltd-tab-title\">\n\t\t\t<span class=\"eltd-tab-title-inner\">\n\t\t\t\tCATALOGUE FAYET 2026-2027\t\t\t<\/span>\n\t\t<\/span>\t\t\n\t<\/div>\t\n<\/h6>\n<div class=\"eltd-accordion-content\">\n\t<div class=\"eltd-accordion-content-inner\">\n\t\t<a href=\"https:\/\/cannes-fayet.com\/wp-content\/uploads\/2026\/01\/FAYET_CATALOGUE_2026_2027-email.pdf\" target=\"_self\"  class=\"eltd-btn eltd-btn-medium eltd-btn-outline\"  >\n    <span class=\"eltd-btn-text\">Download<\/span>\n    <\/a>\t<\/div>\n<\/div>\n\n<h6 class=\"clearfix eltd-title-holder\">\n\t<div class=\"eltd-title-holder-inner\">\n\t\t<span class=\"eltd-accordion-mark eltd-left-mark\">\n\t\t\t<span class=\"eltd-accordion-mark-icon\">\n\t\t\t\t<span class=\"icon_plus\"><\/span>\n\t\t\t\t<span class=\"icon_minus-06\"><\/span>\n\t\t\t<\/span>\n\t\t<\/span>\n\t\t<span class=\"eltd-tab-title\">\n\t\t\t<span class=\"eltd-tab-title-inner\">\n\t\t\t\tCATALOG FAYET PRESTIGE\t\t\t<\/span>\n\t\t<\/span>\t\t\n\t<\/div>\t\n<\/h6>\n<div class=\"eltd-accordion-content\">\n\t<div class=\"eltd-accordion-content-inner\">\n\t\t<a href=\"http:\/\/cannes-fayet.com\/wp-content\/uploads\/2019\/11\/Catalogue-Prestige.pdf\" target=\"_self\"  class=\"eltd-btn eltd-btn-medium eltd-btn-outline\"  >\n    <span class=\"eltd-btn-text\">Download<\/span>\n    <\/a>\t<\/div>\n<\/div>\n\n      \n<\/div><div class=\"vc_empty_space\"   style=\"height: 30px\"><span class=\"vc_empty_space_inner\"><\/span><\/div><\/div><\/div><\/div><div class=\"wpb_column vc_column_container vc_col-sm-6\"><div class=\"vc_column-inner\"><div class=\"wpb_wrapper\">\n\t<div  class=\"wpb_single_image wpb_content_element vc_align_center\">\n\t\t\n\t\t<figure class=\"wpb_wrapper vc_figure\">\n\t\t\t<div class=\"vc_single_image-wrapper vc_box_shadow  vc_box_border_grey\"><img loading=\"lazy\" decoding=\"async\" width=\"300\" height=\"200\" src=\"https:\/\/cannes-fayet.com\/wp-content\/uploads\/2019\/09\/AU1A8145-copie-300x200.jpg\" class=\"vc_single_image-img attachment-medium\" alt=\"catalog - skull\" srcset=\"https:\/\/cannes-fayet.com\/wp-content\/uploads\/2019\/09\/AU1A8145-copie-300x200.jpg 300w, https:\/\/cannes-fayet.com\/wp-content\/uploads\/2019\/09\/AU1A8145-copie-768x512.jpg 768w, https:\/\/cannes-fayet.com\/wp-content\/uploads\/2019\/09\/AU1A8145-copie-1024x683.jpg 1024w, https:\/\/cannes-fayet.com\/wp-content\/uploads\/2019\/09\/AU1A8145-copie-600x400.jpg 600w\" sizes=\"auto, (max-width: 300px) 100vw, 300px\" \/><\/div>\n\t\t<\/figure>\n\t<\/div>\n<\/div><\/div><\/div><\/div><\/div><\/div><div data-eltd-parallax-speed=\"1\" class=\"vc_row wpb_row vc_row-fluid eltd-section eltd-content-aligment-center eltd-grid-section\" style=\"\"><div class=\"clearfix eltd-section-inner\"><div class=\"eltd-section-inner-margin clearfix\"><div class=\"wpb_column vc_column_container vc_col-sm-12\"><div class=\"vc_column-inner\"><div class=\"wpb_wrapper\"><div class=\"vc_empty_space\"   style=\"height: 32px\"><span class=\"vc_empty_space_inner\"><\/span><\/div><a href=\"\/en\/cannesfayet\/presse\/\" target=\"_self\"  class=\"eltd-btn eltd-btn-medium eltd-btn-outline\"  >\n    <span class=\"eltd-btn-text\">Press<\/span>\n    <\/a><div class=\"vc_empty_space\"   style=\"height: 32px\"><span class=\"vc_empty_space_inner\"><\/span><\/div><\/div><\/div><\/div><\/div><\/div><\/div>","protected":false},"excerpt":{"rendered":"T\u00e9l\u00e9chargez nos catalogues CATALOGUE FAYET 2026-2027 T\u00e9l\u00e9charger CATALOGUE FAYET PRESTIGE T\u00e9l\u00e9charger Presse","protected":false},"author":1,"featured_media":0,"parent":1714,"menu_order":0,"comment_status":"closed","ping_status":"closed","template":"","meta":{"_exactmetrics_skip_tracking":false,"_exactmetrics_sitenote_active":false,"_exactmetrics_sitenote_note":"","_exactmetrics_sitenote_category":0,"footnotes":""},"class_list":["post-4495","page","type-page","status-publish","hentry"],"yoast_head":"<!-- This site is optimized with the Yoast SEO plugin v25.1 - https:\/\/yoast.com\/wordpress\/plugins\/seo\/ -->\n<title>T\u00e9l\u00e9chargez nos catalogues - Cannes Fayet\u00ae<\/title>\n<meta name=\"description\" content=\"Nos catalogues, T\u00e9l\u00e9chargez nos catalogues, Catalogue Fayet 2018-2019, Catalogue Fayet Prestige, Nouveautes, Smart Cane ...\" \/>\n<meta name=\"robots\" content=\"index, follow, max-snippet:-1, max-image-preview:large, max-video-preview:-1\" \/>\n<link rel=\"canonical\" href=\"https:\/\/cannes-fayet.com\/en\/nos-realisations\/catalogues\/\" \/>\n<meta property=\"og:locale\" content=\"en_GB\" \/>\n<meta property=\"og:type\" content=\"article\" \/>\n<meta property=\"og:title\" content=\"T\u00e9l\u00e9chargez nos catalogues - Cannes Fayet\u00ae\" \/>\n<meta property=\"og:description\" content=\"Nos catalogues, T\u00e9l\u00e9chargez nos catalogues, Catalogue Fayet 2018-2019, Catalogue Fayet Prestige, Nouveautes, Smart Cane ...\" \/>\n<meta property=\"og:url\" content=\"https:\/\/cannes-fayet.com\/en\/nos-realisations\/catalogues\/\" \/>\n<meta property=\"og:site_name\" content=\"Cannes Fayet\u00ae\" \/>\n<meta property=\"article:publisher\" content=\"https:\/\/www.facebook.com\/CannesFayet1909\/\" \/>\n<meta property=\"article:modified_time\" content=\"2026-01-20T09:46:06+00:00\" \/>\n<meta name=\"twitter:card\" content=\"summary_large_image\" \/>\n<meta name=\"twitter:label1\" content=\"Estimated reading time\" \/>\n\t<meta name=\"twitter:data1\" content=\"1 minute\" \/>\n<script type=\"application\/ld+json\" class=\"yoast-schema-graph\">{\"@context\":\"https:\/\/schema.org\",\"@graph\":[{\"@type\":\"WebPage\",\"@id\":\"https:\/\/cannes-fayet.com\/nos-realisations\/catalogues\/\",\"url\":\"https:\/\/cannes-fayet.com\/nos-realisations\/catalogues\/\",\"name\":\"T\u00e9l\u00e9chargez nos catalogues - Cannes Fayet\u00ae\",\"isPartOf\":{\"@id\":\"https:\/\/cannes-fayet.com\/#website\"},\"datePublished\":\"2019-09-06T14:19:47+00:00\",\"dateModified\":\"2026-01-20T09:46:06+00:00\",\"description\":\"Nos catalogues, T\u00e9l\u00e9chargez nos catalogues, Catalogue Fayet 2018-2019, Catalogue Fayet Prestige, Nouveautes, Smart Cane ...\",\"breadcrumb\":{\"@id\":\"https:\/\/cannes-fayet.com\/nos-realisations\/catalogues\/#breadcrumb\"},\"inLanguage\":\"en-GB\",\"potentialAction\":[{\"@type\":\"ReadAction\",\"target\":[\"https:\/\/cannes-fayet.com\/nos-realisations\/catalogues\/\"]}]},{\"@type\":\"BreadcrumbList\",\"@id\":\"https:\/\/cannes-fayet.com\/nos-realisations\/catalogues\/#breadcrumb\",\"itemListElement\":[{\"@type\":\"ListItem\",\"position\":1,\"name\":\"Accueil\",\"item\":\"https:\/\/cannes-fayet.com\/\"},{\"@type\":\"ListItem\",\"position\":2,\"name\":\"R\u00e9alisations\",\"item\":\"https:\/\/cannes-fayet.com\/nos-realisations\/\"},{\"@type\":\"ListItem\",\"position\":3,\"name\":\"Catalogues\"}]},{\"@type\":\"WebSite\",\"@id\":\"https:\/\/cannes-fayet.com\/#website\",\"url\":\"https:\/\/cannes-fayet.com\/\",\"name\":\"Cannes Fayet\",\"description\":\"Cannes de marche, parapluies, accessoires pour cannes : cannes Fayet\u00ae depuis 1909\",\"publisher\":{\"@id\":\"https:\/\/cannes-fayet.com\/#organization\"},\"potentialAction\":[{\"@type\":\"SearchAction\",\"target\":{\"@type\":\"EntryPoint\",\"urlTemplate\":\"https:\/\/cannes-fayet.com\/?s={search_term_string}\"},\"query-input\":{\"@type\":\"PropertyValueSpecification\",\"valueRequired\":true,\"valueName\":\"search_term_string\"}}],\"inLanguage\":\"en-GB\"},{\"@type\":\"Organization\",\"@id\":\"https:\/\/cannes-fayet.com\/#organization\",\"name\":\"Cannes Fayet\",\"url\":\"https:\/\/cannes-fayet.com\/\",\"logo\":{\"@type\":\"ImageObject\",\"inLanguage\":\"en-GB\",\"@id\":\"https:\/\/cannes-fayet.com\/#\/schema\/logo\/image\/\",\"url\":\"http:\/\/cannes-fayet.com\/wp-content\/uploads\/2019\/09\/Fayet_NouveauLogo_2017_Quadri-710x1024.png\",\"contentUrl\":\"http:\/\/cannes-fayet.com\/wp-content\/uploads\/2019\/09\/Fayet_NouveauLogo_2017_Quadri-710x1024.png\",\"width\":710,\"height\":1024,\"caption\":\"Cannes Fayet\"},\"image\":{\"@id\":\"https:\/\/cannes-fayet.com\/#\/schema\/logo\/image\/\"},\"sameAs\":[\"https:\/\/www.facebook.com\/CannesFayet1909\/\",\"https:\/\/www.instagram.com\/cannesfayet\/\",\"https:\/\/www.linkedin.com\/company\/cannesfayet\/\",\"https:\/\/www.pinterest.fr\/Cannesfayet\/\"]}]}<\/script>\n<!-- \/ Yoast SEO plugin. -->","yoast_head_json":{"title":"T\u00e9l\u00e9chargez nos catalogues - Cannes Fayet\u00ae","description":"Nos catalogues, T\u00e9l\u00e9chargez nos catalogues, Catalogue Fayet 2018-2019, Catalogue Fayet Prestige, Nouveautes, Smart Cane ...","robots":{"index":"index","follow":"follow","max-snippet":"max-snippet:-1","max-image-preview":"max-image-preview:large","max-video-preview":"max-video-preview:-1"},"canonical":"https:\/\/cannes-fayet.com\/en\/nos-realisations\/catalogues\/","og_locale":"en_GB","og_type":"article","og_title":"T\u00e9l\u00e9chargez nos catalogues - Cannes Fayet\u00ae","og_description":"Nos catalogues, T\u00e9l\u00e9chargez nos catalogues, Catalogue Fayet 2018-2019, Catalogue Fayet Prestige, Nouveautes, Smart Cane ...","og_url":"https:\/\/cannes-fayet.com\/en\/nos-realisations\/catalogues\/","og_site_name":"Cannes Fayet\u00ae","article_publisher":"https:\/\/www.facebook.com\/CannesFayet1909\/","article_modified_time":"2026-01-20T09:46:06+00:00","twitter_card":"summary_large_image","twitter_misc":{"Estimated reading time":"1 minute"},"schema":{"@context":"https:\/\/schema.org","@graph":[{"@type":"WebPage","@id":"https:\/\/cannes-fayet.com\/nos-realisations\/catalogues\/","url":"https:\/\/cannes-fayet.com\/nos-realisations\/catalogues\/","name":"T\u00e9l\u00e9chargez nos catalogues - Cannes Fayet\u00ae","isPartOf":{"@id":"https:\/\/cannes-fayet.com\/#website"},"datePublished":"2019-09-06T14:19:47+00:00","dateModified":"2026-01-20T09:46:06+00:00","description":"Nos catalogues, T\u00e9l\u00e9chargez nos catalogues, Catalogue Fayet 2018-2019, Catalogue Fayet Prestige, Nouveautes, Smart Cane ...","breadcrumb":{"@id":"https:\/\/cannes-fayet.com\/nos-realisations\/catalogues\/#breadcrumb"},"inLanguage":"en-GB","potentialAction":[{"@type":"ReadAction","target":["https:\/\/cannes-fayet.com\/nos-realisations\/catalogues\/"]}]},{"@type":"BreadcrumbList","@id":"https:\/\/cannes-fayet.com\/nos-realisations\/catalogues\/#breadcrumb","itemListElement":[{"@type":"ListItem","position":1,"name":"Accueil","item":"https:\/\/cannes-fayet.com\/"},{"@type":"ListItem","position":2,"name":"R\u00e9alisations","item":"https:\/\/cannes-fayet.com\/nos-realisations\/"},{"@type":"ListItem","position":3,"name":"Catalogues"}]},{"@type":"WebSite","@id":"https:\/\/cannes-fayet.com\/#website","url":"https:\/\/cannes-fayet.com\/","name":"Cannes Fayet","description":"Cannes de marche, parapluies, accessoires pour cannes : cannes Fayet\u00ae depuis 1909","publisher":{"@id":"https:\/\/cannes-fayet.com\/#organization"},"potentialAction":[{"@type":"SearchAction","target":{"@type":"EntryPoint","urlTemplate":"https:\/\/cannes-fayet.com\/?s={search_term_string}"},"query-input":{"@type":"PropertyValueSpecification","valueRequired":true,"valueName":"search_term_string"}}],"inLanguage":"en-GB"},{"@type":"Organization","@id":"https:\/\/cannes-fayet.com\/#organization","name":"Cannes Fayet","url":"https:\/\/cannes-fayet.com\/","logo":{"@type":"ImageObject","inLanguage":"en-GB","@id":"https:\/\/cannes-fayet.com\/#\/schema\/logo\/image\/","url":"http:\/\/cannes-fayet.com\/wp-content\/uploads\/2019\/09\/Fayet_NouveauLogo_2017_Quadri-710x1024.png","contentUrl":"http:\/\/cannes-fayet.com\/wp-content\/uploads\/2019\/09\/Fayet_NouveauLogo_2017_Quadri-710x1024.png","width":710,"height":1024,"caption":"Cannes Fayet"},"image":{"@id":"https:\/\/cannes-fayet.com\/#\/schema\/logo\/image\/"},"sameAs":["https:\/\/www.facebook.com\/CannesFayet1909\/","https:\/\/www.instagram.com\/cannesfayet\/","https:\/\/www.linkedin.com\/company\/cannesfayet\/","https:\/\/www.pinterest.fr\/Cannesfayet\/"]}]}},"_links":{"self":[{"href":"https:\/\/cannes-fayet.com\/en\/wp-json\/wp\/v2\/pages\/4495","targetHints":{"allow":["GET"]}}],"collection":[{"href":"https:\/\/cannes-fayet.com\/en\/wp-json\/wp\/v2\/pages"}],"about":[{"href":"https:\/\/cannes-fayet.com\/en\/wp-json\/wp\/v2\/types\/page"}],"author":[{"embeddable":true,"href":"https:\/\/cannes-fayet.com\/en\/wp-json\/wp\/v2\/users\/1"}],"replies":[{"embeddable":true,"href":"https:\/\/cannes-fayet.com\/en\/wp-json\/wp\/v2\/comments?post=4495"}],"version-history":[{"count":31,"href":"https:\/\/cannes-fayet.com\/en\/wp-json\/wp\/v2\/pages\/4495\/revisions"}],"predecessor-version":[{"id":6256,"href":"https:\/\/cannes-fayet.com\/en\/wp-json\/wp\/v2\/pages\/4495\/revisions\/6256"}],"up":[{"embeddable":true,"href":"https:\/\/cannes-fayet.com\/en\/wp-json\/wp\/v2\/pages\/1714"}],"wp:attachment":[{"href":"https:\/\/cannes-fayet.com\/en\/wp-json\/wp\/v2\/media?parent=4495"}],"curies":[{"name":"wp","href":"https:\/\/api.w.org\/{rel}","templated":true}]}}