{"id":4785,"date":"2019-09-11T22:14:14","date_gmt":"2019-09-11T20:14:14","guid":{"rendered":"http:\/\/cannes-fayet.com\/?page_id=4785"},"modified":"2019-11-24T14:47:14","modified_gmt":"2019-11-24T13:47:14","slug":"a-propos","status":"publish","type":"page","link":"https:\/\/cannes-fayet.com\/en\/a-propos\/","title":{"rendered":"ABOUT US"},"content":{"rendered":"<div data-eltd-parallax-speed=\"1\" class=\"vc_row wpb_row vc_row-fluid eltd-section eltd-content-aligment-center eltd-grid-section\" style=\"\"><div class=\"clearfix eltd-section-inner\"><div class=\"eltd-section-inner-margin clearfix\"><div class=\"wpb_column vc_column_container vc_col-sm-12 vc_col-lg-offset-2 vc_col-lg-8\"><div class=\"vc_column-inner\"><div class=\"wpb_wrapper\"><div class=\"vc_empty_space\"   style=\"height: 22px\"><span class=\"vc_empty_space_inner\"><\/span><\/div><div class=\"eltd-section-title-outer-holder animate\" style=\"text-align: center\">\n\t<div class=\"eltd-section-title-subtitle-holder\">\n\t\t<h3 class=\"eltd-section-subtitle\" style=\";\">The Fayet House<\/h3>\n\t<\/div>\n\t<div class=\"eltd-section-title-holder\">\n\t\t<h2 class=\"eltd-section-title\" style=\";\">Awarded Entreprise<\/h2>\n\t<\/div>\n<\/div><div class=\"vc_empty_space\"   style=\"height: 20px\"><span class=\"vc_empty_space_inner\"><\/span><\/div><\/div><\/div><\/div><\/div><\/div><\/div><div data-eltd-parallax-speed=\"1\" class=\"vc_row wpb_row vc_row-fluid eltd-section eltd-content-aligment-left eltd-grid-section\" style=\"\"><div class=\"clearfix eltd-section-inner\"><div class=\"eltd-section-inner-margin clearfix\"><div class=\"wpb_column vc_column_container vc_col-sm-6\"><div class=\"vc_column-inner\"><div class=\"wpb_wrapper\">\n\t<div  class=\"wpb_single_image wpb_content_element vc_align_left\">\n\t\t\n\t\t<figure class=\"wpb_wrapper vc_figure\">\n\t\t\t<div class=\"vc_single_image-wrapper   vc_box_border_grey\"><img loading=\"lazy\" decoding=\"async\" width=\"800\" height=\"436\" src=\"https:\/\/cannes-fayet.com\/wp-content\/uploads\/2019\/09\/a-propos-entreprise.jpg\" class=\"vc_single_image-img attachment-large\" alt=\"\u00e0 propos entreprise\" srcset=\"https:\/\/cannes-fayet.com\/wp-content\/uploads\/2019\/09\/a-propos-entreprise.jpg 800w, https:\/\/cannes-fayet.com\/wp-content\/uploads\/2019\/09\/a-propos-entreprise-300x164.jpg 300w, https:\/\/cannes-fayet.com\/wp-content\/uploads\/2019\/09\/a-propos-entreprise-768x419.jpg 768w\" sizes=\"auto, (max-width: 800px) 100vw, 800px\" \/><\/div>\n\t\t<\/figure>\n\t<\/div>\n<div class=\"vc_empty_space\"   style=\"height: 32px\"><span class=\"vc_empty_space_inner\"><\/span><\/div><\/div><\/div><\/div><div class=\"wpb_column vc_column_container vc_col-sm-6\"><div class=\"vc_column-inner\"><div class=\"wpb_wrapper\">\n\t<div class=\"wpb_text_column wpb_content_element\" >\n\t\t<div class=\"wpb_wrapper\">\n\t\t\t<p>Since 1909 the family enterprise Fayet\u00ae has succeeded in preserving all its authenticity in manufacturing its walking sticks of the highest quality. The last factory of sticks of France, possessing a know-how in the respect for the tradition since 4 generations.<\/p>\n<p>The\u00a0centenarian company makes its sticks with various materials for walking sticks, aluminum, carbon, wood, plexiglass, horn, exotic wood, silver plated, sterling silver for different function such as for walking, collection, system, etc...<\/p>\n\n\t\t<\/div>\n\t<\/div>\n<\/div><\/div><\/div><\/div><\/div><\/div><div data-eltd-parallax-speed=\"1\" class=\"vc_row wpb_row vc_row-fluid eltd-section eltd-content-aligment-left eltd-grid-section\" style=\"\"><div class=\"clearfix eltd-section-inner\"><div class=\"eltd-section-inner-margin clearfix\"><div class=\"wpb_column vc_column_container vc_col-sm-6\"><div class=\"vc_column-inner\"><div class=\"wpb_wrapper\"><div data-eltd-parallax-speed=\"1\" class=\"vc_row wpb_row vc_inner vc_row-fluid eltd-section eltd-content-aligment-left\" style=\"\"><div class=\"eltd-full-section-inner\"><div class=\"wpb_column vc_column_container vc_col-sm-12\"><div class=\"vc_column-inner\"><div class=\"wpb_wrapper\"><div class=\"vc_empty_space\"   style=\"height: 32px\"><span class=\"vc_empty_space_inner\"><\/span><\/div>\n\t<div  class=\"wpb_single_image wpb_content_element vc_align_center\">\n\t\t\n\t\t<figure class=\"wpb_wrapper vc_figure\">\n\t\t\t<div class=\"vc_single_image-wrapper   vc_box_border_grey\"><img loading=\"lazy\" decoding=\"async\" width=\"150\" height=\"150\" src=\"https:\/\/cannes-fayet.com\/wp-content\/uploads\/2019\/09\/epv-logo-150x150.png\" class=\"vc_single_image-img attachment-thumbnail\" alt=\"epv-logo\" srcset=\"https:\/\/cannes-fayet.com\/wp-content\/uploads\/2019\/09\/epv-logo-150x150.png 150w, https:\/\/cannes-fayet.com\/wp-content\/uploads\/2019\/09\/epv-logo.png 200w\" sizes=\"auto, (max-width: 150px) 100vw, 150px\" \/><\/div>\n\t\t<\/figure>\n\t<\/div>\n<div class=\"vc_empty_space\"   style=\"height: 32px\"><span class=\"vc_empty_space_inner\"><\/span><\/div><\/div><\/div><\/div><\/div><\/div><div data-eltd-parallax-speed=\"1\" class=\"vc_row wpb_row vc_inner vc_row-fluid eltd-section eltd-content-aligment-left\" style=\"\"><div class=\"eltd-full-section-inner\"><div class=\"wpb_column vc_column_container vc_col-sm-12\"><div class=\"vc_column-inner\"><div class=\"wpb_wrapper\">\n\t<div  class=\"wpb_single_image wpb_content_element vc_align_center\">\n\t\t\n\t\t<figure class=\"wpb_wrapper vc_figure\">\n\t\t\t<div class=\"vc_single_image-wrapper   vc_box_border_grey\"><img loading=\"lazy\" decoding=\"async\" width=\"150\" height=\"150\" src=\"https:\/\/cannes-fayet.com\/wp-content\/uploads\/2019\/09\/unesco-logo-150x150.png\" class=\"vc_single_image-img attachment-thumbnail\" alt=\"unesco-logo\" srcset=\"https:\/\/cannes-fayet.com\/wp-content\/uploads\/2019\/09\/unesco-logo-150x150.png 150w, https:\/\/cannes-fayet.com\/wp-content\/uploads\/2019\/09\/unesco-logo.png 200w\" sizes=\"auto, (max-width: 150px) 100vw, 150px\" \/><\/div>\n\t\t<\/figure>\n\t<\/div>\n<div class=\"vc_empty_space\"   style=\"height: 32px\"><span class=\"vc_empty_space_inner\"><\/span><\/div><\/div><\/div><\/div><\/div><\/div><div data-eltd-parallax-speed=\"1\" class=\"vc_row wpb_row vc_inner vc_row-fluid eltd-section eltd-content-aligment-left\" style=\"\"><div class=\"eltd-full-section-inner\"><div class=\"wpb_column vc_column_container vc_col-sm-12\"><div class=\"vc_column-inner\"><div class=\"wpb_wrapper\">\n\t<div  class=\"wpb_single_image wpb_content_element vc_align_center\">\n\t\t\n\t\t<figure class=\"wpb_wrapper vc_figure\">\n\t\t\t<div class=\"vc_single_image-wrapper   vc_box_border_grey\"><img loading=\"lazy\" decoding=\"async\" width=\"150\" height=\"150\" src=\"https:\/\/cannes-fayet.com\/wp-content\/uploads\/2019\/09\/infiniment-luxe-logo-150x150.png\" class=\"vc_single_image-img attachment-thumbnail\" alt=\"infiniment-luxe-logo\" srcset=\"https:\/\/cannes-fayet.com\/wp-content\/uploads\/2019\/09\/infiniment-luxe-logo-150x150.png 150w, https:\/\/cannes-fayet.com\/wp-content\/uploads\/2019\/09\/infiniment-luxe-logo.png 200w\" sizes=\"auto, (max-width: 150px) 100vw, 150px\" \/><\/div>\n\t\t<\/figure>\n\t<\/div>\n<div class=\"vc_empty_space\"   style=\"height: 32px\"><span class=\"vc_empty_space_inner\"><\/span><\/div><\/div><\/div><\/div><\/div><\/div><\/div><\/div><\/div><div class=\"wpb_column vc_column_container vc_col-sm-6\"><div class=\"vc_column-inner\"><div class=\"wpb_wrapper\">\n\t<div class=\"wpb_text_column wpb_content_element\" >\n\t\t<div class=\"wpb_wrapper\">\n\t\t\t<p class=\"translation-block\">The Fayet\u00ae House was awarded in 2007 by the French Ministry of Economy with the label <a href=\"http:\/\/www.patrimoine-vivant.com\/\" target=\"_self\">Entreprise du Patrimoine Vivant<\/a> (living Heritage Enterprise). EPV is a mark of recognition put in place to reward French firms for the excellence of their traditional and industrial expertise. Awarded for a period of five years, the label brings together producers committed to the quality of their trades and products.<\/p>\n<p style=\"text-align: left;\" class=\"translation-block\">In addition, the trade of canes manufacturer is inscribed on the <span style=\"color: #333300\">UNESCO World Heritage List of Rare Art Crafts.<\/span><\/p>\n<p style=\"text-align: left;\">Finally, Cannes Fayet has been collecting awards for many years: International Quality Trophy in Madrid in 1994, Craft in 1995, Dunhill Prestige Prize in 2000, Vinci Prize for Crafts in 2009.<\/p>\n<p style=\"text-align: left;\">Through the value of good work, this company has been able to spread its name around the world.<\/p>\n\n\t\t<\/div>\n\t<\/div>\n<div class=\"vc_empty_space\"   style=\"height: 32px\"><span class=\"vc_empty_space_inner\"><\/span><\/div><div class=\"eltd-section-title-outer-holder animate\" style=\"text-align: left\">\n\t<div class=\"eltd-section-title-subtitle-holder\">\n\t\t<h3 class=\"eltd-section-subtitle\" style=\";\"><\/h3>\n\t<\/div>\n\t<div class=\"eltd-section-title-holder\">\n\t\t<h2 class=\"eltd-section-title\" style=\"font-size: 35px;\">Exceptional craftsmanship<\/h2>\n\t<\/div>\n<\/div>\n\t<div class=\"wpb_text_column wpb_content_element\" >\n\t\t<div class=\"wpb_wrapper\">\n\t\t\t<p class=\"translation-block\"><a href=\"https:\/\/www.infiniment-luxe.com\/fr\/\" target=\"_self\">Infiniment Luxe<\/a> presents you with all the refinement of Auvergne Rhones Alpes craftsmanship in its quintessence as distinguished by an alliance of the finest professionals.<\/p>\n<p>From their expertise \u2013 inherited from the purest French tradition and often going back to centuries \u2013 creations in a unique style are born that ideally marry the past with modernity \u2013 and authenticity with originality.<\/p>\n<p>Whether it is for decoration, luxury residences, department stores, specialized boutiques, large tables, hotels, but also designers, architects or the fashion sector, a single watchword drives the Infinitely luxury concept, namely: Requirement.<\/p>\n<p>Objects, furniture, decoration, furnishings, technology, a panel of Masters in their respective fields who have succeeded in harmonizing rare objects and beautiful materials with a certain idea of luxury \"made in France\".<\/p>\n\n\t\t<\/div>\n\t<\/div>\n<\/div><\/div><\/div><\/div><\/div><\/div><div data-eltd-parallax-speed=\"1\" class=\"vc_row wpb_row vc_row-fluid eltd-section eltd-content-aligment-center eltd-grid-section\" style=\"\"><div class=\"clearfix eltd-section-inner\"><div class=\"eltd-section-inner-margin clearfix\"><div class=\"wpb_column vc_column_container vc_col-sm-12\"><div class=\"vc_column-inner\"><div class=\"wpb_wrapper\"><div class=\"vc_empty_space\"   style=\"height: 48px\"><span class=\"vc_empty_space_inner\"><\/span><\/div><a href=\"\/en\/cannesfayet\/histoire\/\" target=\"_self\" style=\"font-weight: 700\" class=\"eltd-btn eltd-btn-medium eltd-btn-outline eltd-btn-custom-hover-color\" data-hover-color=\"#c18a21\" >\n    <span class=\"eltd-btn-text\">Our History<\/span>\n    <\/a><div class=\"vc_empty_space\"   style=\"height: 32px\"><span class=\"vc_empty_space_inner\"><\/span><\/div><\/div><\/div><\/div><\/div><\/div><\/div>","protected":false},"excerpt":{"rendered":"La Maison Fayet Une entreprise labellis\u00e9e Depuis 1909, l\u2019entreprise familiale Fayet\u00ae a su pr\u00e9server toute son authenticit\u00e9 dans la fabrication de ses cannes. La derni\u00e8re fabrique de cannes de France, poss\u00e9dant un savoir-faire dans le respect de la tradition depuis 4 g\u00e9n\u00e9rations. L'entreprise centenaire fabrique...","protected":false},"author":1,"featured_media":0,"parent":0,"menu_order":0,"comment_status":"closed","ping_status":"closed","template":"full-width.php","meta":{"_exactmetrics_skip_tracking":false,"_exactmetrics_sitenote_active":false,"_exactmetrics_sitenote_note":"","_exactmetrics_sitenote_category":0,"footnotes":""},"class_list":["post-4785","page","type-page","status-publish","hentry"],"yoast_head":"<!-- This site is optimized with the Yoast SEO plugin v25.1 - https:\/\/yoast.com\/wordpress\/plugins\/seo\/ -->\n<title>La Maison Fayet, une entreprise labelis\u00e9e - Cannes Fayet<\/title>\n<meta name=\"description\" content=\"Depuis 1909, l\u2019entreprise familiale Fayet\u00ae a su pr\u00e9server toute son authenticit\u00e9 dans la fabrication de ses cannes. La derni\u00e8re fabrique de cannes de France...\" \/>\n<meta name=\"robots\" content=\"index, follow, max-snippet:-1, max-image-preview:large, max-video-preview:-1\" \/>\n<link rel=\"canonical\" href=\"https:\/\/cannes-fayet.com\/en\/a-propos\/\" \/>\n<meta property=\"og:locale\" content=\"en_GB\" \/>\n<meta property=\"og:type\" content=\"article\" \/>\n<meta property=\"og:title\" content=\"La Maison Fayet, une entreprise labelis\u00e9e - Cannes Fayet\" \/>\n<meta property=\"og:description\" content=\"Depuis 1909, l\u2019entreprise familiale Fayet\u00ae a su pr\u00e9server toute son authenticit\u00e9 dans la fabrication de ses cannes. La derni\u00e8re fabrique de cannes de France...\" \/>\n<meta property=\"og:url\" content=\"https:\/\/cannes-fayet.com\/en\/a-propos\/\" \/>\n<meta property=\"og:site_name\" content=\"Cannes Fayet\u00ae\" \/>\n<meta property=\"article:publisher\" content=\"https:\/\/www.facebook.com\/CannesFayet1909\/\" \/>\n<meta property=\"article:modified_time\" content=\"2019-11-24T13:47:14+00:00\" \/>\n<meta name=\"twitter:card\" content=\"summary_large_image\" \/>\n<meta name=\"twitter:label1\" content=\"Estimated reading time\" \/>\n\t<meta name=\"twitter:data1\" content=\"3 minutes\" \/>\n<script type=\"application\/ld+json\" class=\"yoast-schema-graph\">{\"@context\":\"https:\/\/schema.org\",\"@graph\":[{\"@type\":\"WebPage\",\"@id\":\"https:\/\/cannes-fayet.com\/a-propos\/\",\"url\":\"https:\/\/cannes-fayet.com\/a-propos\/\",\"name\":\"La Maison Fayet, une entreprise labelis\u00e9e - Cannes Fayet\",\"isPartOf\":{\"@id\":\"https:\/\/cannes-fayet.com\/#website\"},\"datePublished\":\"2019-09-11T20:14:14+00:00\",\"dateModified\":\"2019-11-24T13:47:14+00:00\",\"description\":\"Depuis 1909, l\u2019entreprise familiale Fayet\u00ae a su pr\u00e9server toute son authenticit\u00e9 dans la fabrication de ses cannes. La derni\u00e8re fabrique de cannes de France...\",\"breadcrumb\":{\"@id\":\"https:\/\/cannes-fayet.com\/a-propos\/#breadcrumb\"},\"inLanguage\":\"en-GB\",\"potentialAction\":[{\"@type\":\"ReadAction\",\"target\":[\"https:\/\/cannes-fayet.com\/a-propos\/\"]}]},{\"@type\":\"BreadcrumbList\",\"@id\":\"https:\/\/cannes-fayet.com\/a-propos\/#breadcrumb\",\"itemListElement\":[{\"@type\":\"ListItem\",\"position\":1,\"name\":\"Accueil\",\"item\":\"https:\/\/cannes-fayet.com\/\"},{\"@type\":\"ListItem\",\"position\":2,\"name\":\"\u00c0 propos\"}]},{\"@type\":\"WebSite\",\"@id\":\"https:\/\/cannes-fayet.com\/#website\",\"url\":\"https:\/\/cannes-fayet.com\/\",\"name\":\"Cannes Fayet\",\"description\":\"Cannes de marche, parapluies, accessoires pour cannes : cannes Fayet\u00ae depuis 1909\",\"publisher\":{\"@id\":\"https:\/\/cannes-fayet.com\/#organization\"},\"potentialAction\":[{\"@type\":\"SearchAction\",\"target\":{\"@type\":\"EntryPoint\",\"urlTemplate\":\"https:\/\/cannes-fayet.com\/?s={search_term_string}\"},\"query-input\":{\"@type\":\"PropertyValueSpecification\",\"valueRequired\":true,\"valueName\":\"search_term_string\"}}],\"inLanguage\":\"en-GB\"},{\"@type\":\"Organization\",\"@id\":\"https:\/\/cannes-fayet.com\/#organization\",\"name\":\"Cannes Fayet\",\"url\":\"https:\/\/cannes-fayet.com\/\",\"logo\":{\"@type\":\"ImageObject\",\"inLanguage\":\"en-GB\",\"@id\":\"https:\/\/cannes-fayet.com\/#\/schema\/logo\/image\/\",\"url\":\"http:\/\/cannes-fayet.com\/wp-content\/uploads\/2019\/09\/Fayet_NouveauLogo_2017_Quadri-710x1024.png\",\"contentUrl\":\"http:\/\/cannes-fayet.com\/wp-content\/uploads\/2019\/09\/Fayet_NouveauLogo_2017_Quadri-710x1024.png\",\"width\":710,\"height\":1024,\"caption\":\"Cannes Fayet\"},\"image\":{\"@id\":\"https:\/\/cannes-fayet.com\/#\/schema\/logo\/image\/\"},\"sameAs\":[\"https:\/\/www.facebook.com\/CannesFayet1909\/\",\"https:\/\/www.instagram.com\/cannesfayet\/\",\"https:\/\/www.linkedin.com\/company\/cannesfayet\/\",\"https:\/\/www.pinterest.fr\/Cannesfayet\/\"]}]}<\/script>\n<!-- \/ Yoast SEO plugin. -->","yoast_head_json":{"title":"La Maison Fayet, une entreprise labelis\u00e9e - Cannes Fayet","description":"Depuis 1909, l\u2019entreprise familiale Fayet\u00ae a su pr\u00e9server toute son authenticit\u00e9 dans la fabrication de ses cannes. La derni\u00e8re fabrique de cannes de France...","robots":{"index":"index","follow":"follow","max-snippet":"max-snippet:-1","max-image-preview":"max-image-preview:large","max-video-preview":"max-video-preview:-1"},"canonical":"https:\/\/cannes-fayet.com\/en\/a-propos\/","og_locale":"en_GB","og_type":"article","og_title":"La Maison Fayet, une entreprise labelis\u00e9e - Cannes Fayet","og_description":"Depuis 1909, l\u2019entreprise familiale Fayet\u00ae a su pr\u00e9server toute son authenticit\u00e9 dans la fabrication de ses cannes. La derni\u00e8re fabrique de cannes de France...","og_url":"https:\/\/cannes-fayet.com\/en\/a-propos\/","og_site_name":"Cannes Fayet\u00ae","article_publisher":"https:\/\/www.facebook.com\/CannesFayet1909\/","article_modified_time":"2019-11-24T13:47:14+00:00","twitter_card":"summary_large_image","twitter_misc":{"Estimated reading time":"3 minutes"},"schema":{"@context":"https:\/\/schema.org","@graph":[{"@type":"WebPage","@id":"https:\/\/cannes-fayet.com\/a-propos\/","url":"https:\/\/cannes-fayet.com\/a-propos\/","name":"La Maison Fayet, une entreprise labelis\u00e9e - Cannes Fayet","isPartOf":{"@id":"https:\/\/cannes-fayet.com\/#website"},"datePublished":"2019-09-11T20:14:14+00:00","dateModified":"2019-11-24T13:47:14+00:00","description":"Depuis 1909, l\u2019entreprise familiale Fayet\u00ae a su pr\u00e9server toute son authenticit\u00e9 dans la fabrication de ses cannes. La derni\u00e8re fabrique de cannes de France...","breadcrumb":{"@id":"https:\/\/cannes-fayet.com\/a-propos\/#breadcrumb"},"inLanguage":"en-GB","potentialAction":[{"@type":"ReadAction","target":["https:\/\/cannes-fayet.com\/a-propos\/"]}]},{"@type":"BreadcrumbList","@id":"https:\/\/cannes-fayet.com\/a-propos\/#breadcrumb","itemListElement":[{"@type":"ListItem","position":1,"name":"Accueil","item":"https:\/\/cannes-fayet.com\/"},{"@type":"ListItem","position":2,"name":"\u00c0 propos"}]},{"@type":"WebSite","@id":"https:\/\/cannes-fayet.com\/#website","url":"https:\/\/cannes-fayet.com\/","name":"Cannes Fayet","description":"Cannes de marche, parapluies, accessoires pour cannes : cannes Fayet\u00ae depuis 1909","publisher":{"@id":"https:\/\/cannes-fayet.com\/#organization"},"potentialAction":[{"@type":"SearchAction","target":{"@type":"EntryPoint","urlTemplate":"https:\/\/cannes-fayet.com\/?s={search_term_string}"},"query-input":{"@type":"PropertyValueSpecification","valueRequired":true,"valueName":"search_term_string"}}],"inLanguage":"en-GB"},{"@type":"Organization","@id":"https:\/\/cannes-fayet.com\/#organization","name":"Cannes Fayet","url":"https:\/\/cannes-fayet.com\/","logo":{"@type":"ImageObject","inLanguage":"en-GB","@id":"https:\/\/cannes-fayet.com\/#\/schema\/logo\/image\/","url":"http:\/\/cannes-fayet.com\/wp-content\/uploads\/2019\/09\/Fayet_NouveauLogo_2017_Quadri-710x1024.png","contentUrl":"http:\/\/cannes-fayet.com\/wp-content\/uploads\/2019\/09\/Fayet_NouveauLogo_2017_Quadri-710x1024.png","width":710,"height":1024,"caption":"Cannes Fayet"},"image":{"@id":"https:\/\/cannes-fayet.com\/#\/schema\/logo\/image\/"},"sameAs":["https:\/\/www.facebook.com\/CannesFayet1909\/","https:\/\/www.instagram.com\/cannesfayet\/","https:\/\/www.linkedin.com\/company\/cannesfayet\/","https:\/\/www.pinterest.fr\/Cannesfayet\/"]}]}},"_links":{"self":[{"href":"https:\/\/cannes-fayet.com\/en\/wp-json\/wp\/v2\/pages\/4785","targetHints":{"allow":["GET"]}}],"collection":[{"href":"https:\/\/cannes-fayet.com\/en\/wp-json\/wp\/v2\/pages"}],"about":[{"href":"https:\/\/cannes-fayet.com\/en\/wp-json\/wp\/v2\/types\/page"}],"author":[{"embeddable":true,"href":"https:\/\/cannes-fayet.com\/en\/wp-json\/wp\/v2\/users\/1"}],"replies":[{"embeddable":true,"href":"https:\/\/cannes-fayet.com\/en\/wp-json\/wp\/v2\/comments?post=4785"}],"version-history":[{"count":45,"href":"https:\/\/cannes-fayet.com\/en\/wp-json\/wp\/v2\/pages\/4785\/revisions"}],"predecessor-version":[{"id":5370,"href":"https:\/\/cannes-fayet.com\/en\/wp-json\/wp\/v2\/pages\/4785\/revisions\/5370"}],"wp:attachment":[{"href":"https:\/\/cannes-fayet.com\/en\/wp-json\/wp\/v2\/media?parent=4785"}],"curies":[{"name":"wp","href":"https:\/\/api.w.org\/{rel}","templated":true}]}}