{"id":4789,"date":"2019-09-11T22:23:53","date_gmt":"2019-09-11T20:23:53","guid":{"rendered":"http:\/\/cannes-fayet.com\/?page_id=4789"},"modified":"2019-11-24T14:31:26","modified_gmt":"2019-11-24T13:31:26","slug":"showroom-parisien","status":"publish","type":"page","link":"https:\/\/cannes-fayet.com\/en\/a-propos\/showroom-parisien\/","title":{"rendered":"Parisian Showroom"},"content":{"rendered":"<div data-eltd-parallax-speed=\"1\" class=\"vc_row wpb_row vc_row-fluid eltd-section eltd-content-aligment-center eltd-grid-section\" style=\"\"><div class=\"clearfix eltd-section-inner\"><div class=\"eltd-section-inner-margin clearfix\"><div class=\"wpb_column vc_column_container vc_col-sm-12 vc_col-lg-offset-2 vc_col-lg-8\"><div class=\"vc_column-inner\"><div class=\"wpb_wrapper\"><div class=\"vc_empty_space\"   style=\"height: 22px\"><span class=\"vc_empty_space_inner\"><\/span><\/div><div class=\"eltd-section-title-outer-holder animate\" style=\"text-align: center\">\n\t<div class=\"eltd-section-title-subtitle-holder\">\n\t\t<h3 class=\"eltd-section-subtitle\" style=\";\">Our<\/h3>\n\t<\/div>\n\t<div class=\"eltd-section-title-holder\">\n\t\t<h2 class=\"eltd-section-title\" style=\";\">Parisian Showroom<\/h2>\n\t<\/div>\n<\/div><div class=\"vc_empty_space\"   style=\"height: 20px\"><span class=\"vc_empty_space_inner\"><\/span><\/div><\/div><\/div><\/div><\/div><\/div><\/div><div data-eltd-parallax-speed=\"1\" class=\"vc_row wpb_row vc_row-fluid eltd-section eltd-content-aligment-left eltd-grid-section\" style=\"\"><div class=\"clearfix eltd-section-inner\"><div class=\"eltd-section-inner-margin clearfix\"><div class=\"wpb_column vc_column_container vc_col-sm-6\"><div class=\"vc_column-inner\"><div class=\"wpb_wrapper\"><div class=\"vc_empty_space\"   style=\"height: 20px\"><span class=\"vc_empty_space_inner\"><\/span><\/div>\n\t<div  class=\"wpb_single_image wpb_content_element vc_align_left\">\n\t\t\n\t\t<figure class=\"wpb_wrapper vc_figure\">\n\t\t\t<div class=\"vc_single_image-wrapper vc_box_shadow  vc_box_border_grey\"><img loading=\"lazy\" decoding=\"async\" width=\"600\" height=\"450\" src=\"https:\/\/cannes-fayet.com\/wp-content\/uploads\/2019\/10\/showroom-parisien-cannes-fayet.jpg\" class=\"vc_single_image-img attachment-large\" alt=\"Showroom Parisien Cannes Fayet\" srcset=\"https:\/\/cannes-fayet.com\/wp-content\/uploads\/2019\/10\/showroom-parisien-cannes-fayet.jpg 600w, https:\/\/cannes-fayet.com\/wp-content\/uploads\/2019\/10\/showroom-parisien-cannes-fayet-300x225.jpg 300w\" sizes=\"auto, (max-width: 600px) 100vw, 600px\" \/><\/div>\n\t\t<\/figure>\n\t<\/div>\n<\/div><\/div><\/div><div class=\"wpb_column vc_column_container vc_col-sm-6\"><div class=\"vc_column-inner\"><div class=\"wpb_wrapper\">\n\t<div class=\"wpb_text_column wpb_content_element\" >\n\t\t<div class=\"wpb_wrapper\">\n\t\t\t<p>Since 2015, Maison Fayet\u00ae has opened a shop\/showroom space in the heart of the capital.\u00a0Located at passage Jouffroy, near the Grevin Museum, the Galerie Fayet\u00ae succeeds the Segas brothers' famous antique cane shop.<\/p>\n<p>Having preserved the atmosphere of this place, full of stories, the Fayet House invites all the aesthetes, amateurs or collectors to find the creations of the manufacture, stamped with the Lion, symbol of the brand.<\/p>\n<p>Extraordinary canes of the 18th and 19th centuries made of horn, precious stones or silver will be alongside all contemporary canes as well as the range of umbrellas and umbrellas of prestige made also within the House.<\/p>\n<p>Through the charming Jouffroy passage, the opportunity will be given to discover the history, heritage and modernity of the beautiful Fayet\u00ae canes collection.<\/p>\n\n\t\t<\/div>\n\t<\/div>\n<\/div><\/div><\/div><\/div><\/div><\/div><div data-eltd-parallax-speed=\"1\" class=\"vc_row wpb_row vc_row-fluid eltd-section eltd-content-aligment-center eltd-grid-section\" style=\"\"><div class=\"clearfix eltd-section-inner\"><div class=\"eltd-section-inner-margin clearfix\"><div class=\"wpb_column vc_column_container vc_col-sm-12\"><div class=\"vc_column-inner\"><div class=\"wpb_wrapper\"><div class=\"vc_empty_space\"   style=\"height: 20px\"><span class=\"vc_empty_space_inner\"><\/span><\/div><div class=\"vc_empty_space\"   style=\"height: 20px\"><span class=\"vc_empty_space_inner\"><\/span><\/div><div class=\"vc_empty_space\"   style=\"height: 20px\"><span class=\"vc_empty_space_inner\"><\/span><\/div><a href=\"\/en\/cannesfayet\/notre-savoir-faire\/\" target=\"_self\" style=\"font-weight: 700\" class=\"eltd-btn eltd-btn-medium eltd-btn-outline eltd-btn-custom-hover-color\" data-hover-color=\"#c18a21\" >\n    <span class=\"eltd-btn-text\">Our know-how<\/span>\n    <\/a><div class=\"vc_empty_space\"   style=\"height: 32px\"><span class=\"vc_empty_space_inner\"><\/span><\/div><\/div><\/div><\/div><\/div><\/div><\/div>","protected":false},"excerpt":{"rendered":"Notre Showroom Parisien Depuis 2015, la Maison Fayet\u00ae a ouvert un espace de vente\/showroom au c\u0153ur de la capitale. Install\u00e9e passage Jouffroy, \u00e0 proximit\u00e9 du Mus\u00e9e Gr\u00e9vin, La Galerie Fayet\u00ae succ\u00e8de ainsi \u00e0 la c\u00e9l\u00e8bre boutique de cannes anciennes des fr\u00e8res Segas. Ayant conserv\u00e9 l\u2019atmosph\u00e8re...","protected":false},"author":1,"featured_media":0,"parent":4785,"menu_order":0,"comment_status":"closed","ping_status":"closed","template":"full-width.php","meta":{"_exactmetrics_skip_tracking":false,"_exactmetrics_sitenote_active":false,"_exactmetrics_sitenote_note":"","_exactmetrics_sitenote_category":0,"footnotes":""},"class_list":["post-4789","page","type-page","status-publish","hentry"],"yoast_head":"<!-- This site is optimized with the Yoast SEO plugin v25.1 - https:\/\/yoast.com\/wordpress\/plugins\/seo\/ -->\n<title>Showroom Parisien - Cannes Fayet\u00ae<\/title>\n<meta name=\"description\" content=\"Depuis 2015, la Maison Fayet\u00ae a ouvert un espace de vente\/showroom au c\u0153ur de la capitale. Install\u00e9e passage Jouffroy, \u00e0 proximit\u00e9 du Mus\u00e9e Gr\u00e9vin, La ...\" \/>\n<meta name=\"robots\" content=\"index, follow, max-snippet:-1, max-image-preview:large, max-video-preview:-1\" \/>\n<link rel=\"canonical\" href=\"https:\/\/cannes-fayet.com\/en\/a-propos\/showroom-parisien\/\" \/>\n<meta property=\"og:locale\" content=\"en_GB\" \/>\n<meta property=\"og:type\" content=\"article\" \/>\n<meta property=\"og:title\" content=\"Showroom Parisien - Cannes Fayet\u00ae\" \/>\n<meta property=\"og:description\" content=\"Depuis 2015, la Maison Fayet\u00ae a ouvert un espace de vente\/showroom au c\u0153ur de la capitale. Install\u00e9e passage Jouffroy, \u00e0 proximit\u00e9 du Mus\u00e9e Gr\u00e9vin, La ...\" \/>\n<meta property=\"og:url\" content=\"https:\/\/cannes-fayet.com\/en\/a-propos\/showroom-parisien\/\" \/>\n<meta property=\"og:site_name\" content=\"Cannes Fayet\u00ae\" \/>\n<meta property=\"article:publisher\" content=\"https:\/\/www.facebook.com\/CannesFayet1909\/\" \/>\n<meta property=\"article:modified_time\" content=\"2019-11-24T13:31:26+00:00\" \/>\n<meta name=\"twitter:card\" content=\"summary_large_image\" \/>\n<meta name=\"twitter:label1\" content=\"Estimated reading time\" \/>\n\t<meta name=\"twitter:data1\" content=\"2 minutes\" \/>\n<script type=\"application\/ld+json\" class=\"yoast-schema-graph\">{\"@context\":\"https:\/\/schema.org\",\"@graph\":[{\"@type\":\"WebPage\",\"@id\":\"https:\/\/cannes-fayet.com\/a-propos\/showroom-parisien\/\",\"url\":\"https:\/\/cannes-fayet.com\/a-propos\/showroom-parisien\/\",\"name\":\"Showroom Parisien - Cannes Fayet\u00ae\",\"isPartOf\":{\"@id\":\"https:\/\/cannes-fayet.com\/#website\"},\"datePublished\":\"2019-09-11T20:23:53+00:00\",\"dateModified\":\"2019-11-24T13:31:26+00:00\",\"description\":\"Depuis 2015, la Maison Fayet\u00ae a ouvert un espace de vente\/showroom au c\u0153ur de la capitale. Install\u00e9e passage Jouffroy, \u00e0 proximit\u00e9 du Mus\u00e9e Gr\u00e9vin, La ...\",\"breadcrumb\":{\"@id\":\"https:\/\/cannes-fayet.com\/a-propos\/showroom-parisien\/#breadcrumb\"},\"inLanguage\":\"en-GB\",\"potentialAction\":[{\"@type\":\"ReadAction\",\"target\":[\"https:\/\/cannes-fayet.com\/a-propos\/showroom-parisien\/\"]}]},{\"@type\":\"BreadcrumbList\",\"@id\":\"https:\/\/cannes-fayet.com\/a-propos\/showroom-parisien\/#breadcrumb\",\"itemListElement\":[{\"@type\":\"ListItem\",\"position\":1,\"name\":\"Accueil\",\"item\":\"https:\/\/cannes-fayet.com\/\"},{\"@type\":\"ListItem\",\"position\":2,\"name\":\"\u00c0 propos\",\"item\":\"https:\/\/cannes-fayet.com\/a-propos\/\"},{\"@type\":\"ListItem\",\"position\":3,\"name\":\"Showroom Parisien\"}]},{\"@type\":\"WebSite\",\"@id\":\"https:\/\/cannes-fayet.com\/#website\",\"url\":\"https:\/\/cannes-fayet.com\/\",\"name\":\"Cannes Fayet\",\"description\":\"Cannes de marche, parapluies, accessoires pour cannes : cannes Fayet\u00ae depuis 1909\",\"publisher\":{\"@id\":\"https:\/\/cannes-fayet.com\/#organization\"},\"potentialAction\":[{\"@type\":\"SearchAction\",\"target\":{\"@type\":\"EntryPoint\",\"urlTemplate\":\"https:\/\/cannes-fayet.com\/?s={search_term_string}\"},\"query-input\":{\"@type\":\"PropertyValueSpecification\",\"valueRequired\":true,\"valueName\":\"search_term_string\"}}],\"inLanguage\":\"en-GB\"},{\"@type\":\"Organization\",\"@id\":\"https:\/\/cannes-fayet.com\/#organization\",\"name\":\"Cannes Fayet\",\"url\":\"https:\/\/cannes-fayet.com\/\",\"logo\":{\"@type\":\"ImageObject\",\"inLanguage\":\"en-GB\",\"@id\":\"https:\/\/cannes-fayet.com\/#\/schema\/logo\/image\/\",\"url\":\"http:\/\/cannes-fayet.com\/wp-content\/uploads\/2019\/09\/Fayet_NouveauLogo_2017_Quadri-710x1024.png\",\"contentUrl\":\"http:\/\/cannes-fayet.com\/wp-content\/uploads\/2019\/09\/Fayet_NouveauLogo_2017_Quadri-710x1024.png\",\"width\":710,\"height\":1024,\"caption\":\"Cannes Fayet\"},\"image\":{\"@id\":\"https:\/\/cannes-fayet.com\/#\/schema\/logo\/image\/\"},\"sameAs\":[\"https:\/\/www.facebook.com\/CannesFayet1909\/\",\"https:\/\/www.instagram.com\/cannesfayet\/\",\"https:\/\/www.linkedin.com\/company\/cannesfayet\/\",\"https:\/\/www.pinterest.fr\/Cannesfayet\/\"]}]}<\/script>\n<!-- \/ Yoast SEO plugin. -->","yoast_head_json":{"title":"Showroom Parisien - Cannes Fayet\u00ae","description":"Depuis 2015, la Maison Fayet\u00ae a ouvert un espace de vente\/showroom au c\u0153ur de la capitale. Install\u00e9e passage Jouffroy, \u00e0 proximit\u00e9 du Mus\u00e9e Gr\u00e9vin, La ...","robots":{"index":"index","follow":"follow","max-snippet":"max-snippet:-1","max-image-preview":"max-image-preview:large","max-video-preview":"max-video-preview:-1"},"canonical":"https:\/\/cannes-fayet.com\/en\/a-propos\/showroom-parisien\/","og_locale":"en_GB","og_type":"article","og_title":"Showroom Parisien - Cannes Fayet\u00ae","og_description":"Depuis 2015, la Maison Fayet\u00ae a ouvert un espace de vente\/showroom au c\u0153ur de la capitale. Install\u00e9e passage Jouffroy, \u00e0 proximit\u00e9 du Mus\u00e9e Gr\u00e9vin, La ...","og_url":"https:\/\/cannes-fayet.com\/en\/a-propos\/showroom-parisien\/","og_site_name":"Cannes Fayet\u00ae","article_publisher":"https:\/\/www.facebook.com\/CannesFayet1909\/","article_modified_time":"2019-11-24T13:31:26+00:00","twitter_card":"summary_large_image","twitter_misc":{"Estimated reading time":"2 minutes"},"schema":{"@context":"https:\/\/schema.org","@graph":[{"@type":"WebPage","@id":"https:\/\/cannes-fayet.com\/a-propos\/showroom-parisien\/","url":"https:\/\/cannes-fayet.com\/a-propos\/showroom-parisien\/","name":"Showroom Parisien - Cannes Fayet\u00ae","isPartOf":{"@id":"https:\/\/cannes-fayet.com\/#website"},"datePublished":"2019-09-11T20:23:53+00:00","dateModified":"2019-11-24T13:31:26+00:00","description":"Depuis 2015, la Maison Fayet\u00ae a ouvert un espace de vente\/showroom au c\u0153ur de la capitale. Install\u00e9e passage Jouffroy, \u00e0 proximit\u00e9 du Mus\u00e9e Gr\u00e9vin, La ...","breadcrumb":{"@id":"https:\/\/cannes-fayet.com\/a-propos\/showroom-parisien\/#breadcrumb"},"inLanguage":"en-GB","potentialAction":[{"@type":"ReadAction","target":["https:\/\/cannes-fayet.com\/a-propos\/showroom-parisien\/"]}]},{"@type":"BreadcrumbList","@id":"https:\/\/cannes-fayet.com\/a-propos\/showroom-parisien\/#breadcrumb","itemListElement":[{"@type":"ListItem","position":1,"name":"Accueil","item":"https:\/\/cannes-fayet.com\/"},{"@type":"ListItem","position":2,"name":"\u00c0 propos","item":"https:\/\/cannes-fayet.com\/a-propos\/"},{"@type":"ListItem","position":3,"name":"Showroom Parisien"}]},{"@type":"WebSite","@id":"https:\/\/cannes-fayet.com\/#website","url":"https:\/\/cannes-fayet.com\/","name":"Cannes Fayet","description":"Cannes de marche, parapluies, accessoires pour cannes : cannes Fayet\u00ae depuis 1909","publisher":{"@id":"https:\/\/cannes-fayet.com\/#organization"},"potentialAction":[{"@type":"SearchAction","target":{"@type":"EntryPoint","urlTemplate":"https:\/\/cannes-fayet.com\/?s={search_term_string}"},"query-input":{"@type":"PropertyValueSpecification","valueRequired":true,"valueName":"search_term_string"}}],"inLanguage":"en-GB"},{"@type":"Organization","@id":"https:\/\/cannes-fayet.com\/#organization","name":"Cannes Fayet","url":"https:\/\/cannes-fayet.com\/","logo":{"@type":"ImageObject","inLanguage":"en-GB","@id":"https:\/\/cannes-fayet.com\/#\/schema\/logo\/image\/","url":"http:\/\/cannes-fayet.com\/wp-content\/uploads\/2019\/09\/Fayet_NouveauLogo_2017_Quadri-710x1024.png","contentUrl":"http:\/\/cannes-fayet.com\/wp-content\/uploads\/2019\/09\/Fayet_NouveauLogo_2017_Quadri-710x1024.png","width":710,"height":1024,"caption":"Cannes Fayet"},"image":{"@id":"https:\/\/cannes-fayet.com\/#\/schema\/logo\/image\/"},"sameAs":["https:\/\/www.facebook.com\/CannesFayet1909\/","https:\/\/www.instagram.com\/cannesfayet\/","https:\/\/www.linkedin.com\/company\/cannesfayet\/","https:\/\/www.pinterest.fr\/Cannesfayet\/"]}]}},"_links":{"self":[{"href":"https:\/\/cannes-fayet.com\/en\/wp-json\/wp\/v2\/pages\/4789","targetHints":{"allow":["GET"]}}],"collection":[{"href":"https:\/\/cannes-fayet.com\/en\/wp-json\/wp\/v2\/pages"}],"about":[{"href":"https:\/\/cannes-fayet.com\/en\/wp-json\/wp\/v2\/types\/page"}],"author":[{"embeddable":true,"href":"https:\/\/cannes-fayet.com\/en\/wp-json\/wp\/v2\/users\/1"}],"replies":[{"embeddable":true,"href":"https:\/\/cannes-fayet.com\/en\/wp-json\/wp\/v2\/comments?post=4789"}],"version-history":[{"count":18,"href":"https:\/\/cannes-fayet.com\/en\/wp-json\/wp\/v2\/pages\/4789\/revisions"}],"predecessor-version":[{"id":5361,"href":"https:\/\/cannes-fayet.com\/en\/wp-json\/wp\/v2\/pages\/4789\/revisions\/5361"}],"up":[{"embeddable":true,"href":"https:\/\/cannes-fayet.com\/en\/wp-json\/wp\/v2\/pages\/4785"}],"wp:attachment":[{"href":"https:\/\/cannes-fayet.com\/en\/wp-json\/wp\/v2\/media?parent=4789"}],"curies":[{"name":"wp","href":"https:\/\/api.w.org\/{rel}","templated":true}]}}