{"id":5005,"date":"2019-10-08T13:57:48","date_gmt":"2019-10-08T11:57:48","guid":{"rendered":"http:\/\/cannes-fayet.com\/?page_id=5005"},"modified":"2019-10-28T18:05:44","modified_gmt":"2019-10-28T17:05:44","slug":"presse","status":"publish","type":"page","link":"https:\/\/cannes-fayet.com\/en\/presse\/","title":{"rendered":"Press"},"content":{"rendered":"<div data-eltd-parallax-speed=\"1\" class=\"vc_row wpb_row vc_row-fluid eltd-section eltd-content-aligment-center eltd-grid-section\" style=\"\"><div class=\"clearfix eltd-section-inner\"><div class=\"eltd-section-inner-margin clearfix\"><div class=\"wpb_column vc_column_container vc_col-sm-12\"><div class=\"vc_column-inner\"><div class=\"wpb_wrapper\"><div class=\"vc_empty_space\"   style=\"height: 32px\"><span class=\"vc_empty_space_inner\"><\/span><\/div><div class=\"eltd-image-gallery\">\n\t<div class=\"eltd-image-gallery-slider\" data-autoplay=\"5\" data-animation=\"slide\" data-navigation=\"yes\" data-pagination=\"yes\">\n\t\t\t\t\t\t<a href=\"https:\/\/cannes-fayet.com\/wp-content\/uploads\/2019\/10\/tout-clermont-06.19.p2-1024x724.jpg\" data-rel=\"prettyPhoto[single_pretty_photo]\" title=\"Article Tout Clermont 2019 p2\">\n\t\t\t\t\t\t\t<img loading=\"lazy\" decoding=\"async\" src=\"https:\/\/cannes-fayet.com\/wp-content\/uploads\/2019\/10\/tout-clermont-06.19.p2-1024x724.jpg\" alt=\"Article Tout Clermont 2019 p2\" width=\"1024\" height=\"724\">\n\t\t\t\t\t\t\t<\/a>\n\t\t\t\t\t\t\t<a href=\"https:\/\/cannes-fayet.com\/wp-content\/uploads\/2019\/10\/tout-clermont-06.19.p3-732x1024.jpg\" data-rel=\"prettyPhoto[single_pretty_photo]\" title=\"Article Tout Clermont 2019 p3\">\n\t\t\t\t\t\t\t<img loading=\"lazy\" decoding=\"async\" src=\"https:\/\/cannes-fayet.com\/wp-content\/uploads\/2019\/10\/tout-clermont-06.19.p3-732x1024.jpg\" alt=\"Article Tout Clermont 2019 p3\" width=\"732\" height=\"1024\">\n\t\t\t\t\t\t\t<\/a>\n\t\t\t\t\t\t\t<a href=\"https:\/\/cannes-fayet.com\/wp-content\/uploads\/2019\/10\/la-tribune-1-715x1024.jpg\" data-rel=\"prettyPhoto[single_pretty_photo]\" title=\"Article La Tribune Smartcane Cannes Fayet\">\n\t\t\t\t\t\t\t<img loading=\"lazy\" decoding=\"async\" src=\"https:\/\/cannes-fayet.com\/wp-content\/uploads\/2019\/10\/la-tribune-1-715x1024.jpg\" alt=\"Article La Tribune Smartcane Cannes Fayet\" width=\"715\" height=\"1024\">\n\t\t\t\t\t\t\t<\/a>\n\t\t\t\t\t\t\t<a href=\"https:\/\/cannes-fayet.com\/wp-content\/uploads\/2019\/10\/SMARTCANE_2019-03-13-BREFECO-13-mars-2019-10000000056312436-711x1024.jpg\" data-rel=\"prettyPhoto[single_pretty_photo]\" title=\"Article Bref Smartcane 2019\">\n\t\t\t\t\t\t\t<img loading=\"lazy\" decoding=\"async\" src=\"https:\/\/cannes-fayet.com\/wp-content\/uploads\/2019\/10\/SMARTCANE_2019-03-13-BREFECO-13-mars-2019-10000000056312436-711x1024.jpg\" alt=\"Article Bref Smartcane 2019\" width=\"711\" height=\"1024\">\n\t\t\t\t\t\t\t<\/a>\n\t\t\t\t\t\t\t<a href=\"https:\/\/cannes-fayet.com\/wp-content\/uploads\/2019\/10\/PDF-BD_POINTURE-18-862x1024.jpg\" data-rel=\"prettyPhoto[single_pretty_photo]\" title=\"PDF-BD_POINTURE-18\">\n\t\t\t\t\t\t\t<img loading=\"lazy\" decoding=\"async\" src=\"https:\/\/cannes-fayet.com\/wp-content\/uploads\/2019\/10\/PDF-BD_POINTURE-18-862x1024.jpg\" alt=\"PDF-BD_POINTURE-18\" width=\"862\" height=\"1024\">\n\t\t\t\t\t\t\t<\/a>\n\t\t\t\t\t\t\t<a href=\"https:\/\/cannes-fayet.com\/wp-content\/uploads\/2019\/10\/Larousse-MadeInFrance2-776x1024.jpg\" data-rel=\"prettyPhoto[single_pretty_photo]\" title=\"Article Larousse Made in France Cannes Fayet 2\">\n\t\t\t\t\t\t\t<img loading=\"lazy\" decoding=\"async\" src=\"https:\/\/cannes-fayet.com\/wp-content\/uploads\/2019\/10\/Larousse-MadeInFrance2-776x1024.jpg\" alt=\"Article Larousse Made in France Cannes Fayet 2\" width=\"776\" height=\"1024\">\n\t\t\t\t\t\t\t<\/a>\n\t\t\t\t\t\t\t<a href=\"https:\/\/cannes-fayet.com\/wp-content\/uploads\/2019\/10\/larousse-MadeInFrance3-783x1024.jpg\" data-rel=\"prettyPhoto[single_pretty_photo]\" title=\"Article Larousse Made in France Cannes Fayet 3\">\n\t\t\t\t\t\t\t<img loading=\"lazy\" decoding=\"async\" src=\"https:\/\/cannes-fayet.com\/wp-content\/uploads\/2019\/10\/larousse-MadeInFrance3-783x1024.jpg\" alt=\"Article Larousse Made in France Cannes Fayet 3\" width=\"783\" height=\"1024\">\n\t\t\t\t\t\t\t<\/a>\n\t\t\t\t\t\t\t<a href=\"https:\/\/cannes-fayet.com\/wp-content\/uploads\/2019\/10\/massif-centrale-2017-2-1024x731.jpg\" data-rel=\"prettyPhoto[single_pretty_photo]\" title=\"Article Massif Centrale Cannes Fayet 2017\">\n\t\t\t\t\t\t\t<img loading=\"lazy\" decoding=\"async\" src=\"https:\/\/cannes-fayet.com\/wp-content\/uploads\/2019\/10\/massif-centrale-2017-2-1024x731.jpg\" alt=\"Article Massif Centrale Cannes Fayet 2017\" width=\"1024\" height=\"731\">\n\t\t\t\t\t\t\t<\/a>\n\t\t\t\t\t\t\t<a href=\"https:\/\/cannes-fayet.com\/wp-content\/uploads\/2019\/10\/Gazette-21.01.16-737x1024.jpg\" data-rel=\"prettyPhoto[single_pretty_photo]\" title=\"Gazette article 2016 Canne Fayet\">\n\t\t\t\t\t\t\t<img loading=\"lazy\" decoding=\"async\" src=\"https:\/\/cannes-fayet.com\/wp-content\/uploads\/2019\/10\/Gazette-21.01.16-737x1024.jpg\" alt=\"Gazette article 2016 Canne Fayet\" width=\"737\" height=\"1024\">\n\t\t\t\t\t\t\t<\/a>\n\t\t\t\t\t\t\t<a href=\"https:\/\/cannes-fayet.com\/wp-content\/uploads\/2019\/10\/article-excalibur-2-1024x724.jpg\" data-rel=\"prettyPhoto[single_pretty_photo]\" title=\"Article excalibur Cannes Fayet\">\n\t\t\t\t\t\t\t<img loading=\"lazy\" decoding=\"async\" src=\"https:\/\/cannes-fayet.com\/wp-content\/uploads\/2019\/10\/article-excalibur-2-1024x724.jpg\" alt=\"Article excalibur Cannes Fayet\" width=\"1024\" height=\"724\">\n\t\t\t\t\t\t\t<\/a>\n\t\t\t\t\t\t\t<a href=\"https:\/\/cannes-fayet.com\/wp-content\/uploads\/2019\/10\/article-excalibur-3-1024x724.jpg\" data-rel=\"prettyPhoto[single_pretty_photo]\" title=\"Article excalibur Cannes Fayet\">\n\t\t\t\t\t\t\t<img loading=\"lazy\" decoding=\"async\" src=\"https:\/\/cannes-fayet.com\/wp-content\/uploads\/2019\/10\/article-excalibur-3-1024x724.jpg\" alt=\"Article excalibur Cannes Fayet\" width=\"1024\" height=\"724\">\n\t\t\t\t\t\t\t<\/a>\n\t\t\t\t\t\t\t<a href=\"https:\/\/cannes-fayet.com\/wp-content\/uploads\/2019\/10\/article-House-la-montagne-2010-696x1024.jpg\" data-rel=\"prettyPhoto[single_pretty_photo]\" title=\"Article La Montagne dr House Cannes Fayet\">\n\t\t\t\t\t\t\t<img loading=\"lazy\" decoding=\"async\" src=\"https:\/\/cannes-fayet.com\/wp-content\/uploads\/2019\/10\/article-House-la-montagne-2010-696x1024.jpg\" alt=\"Article La Montagne dr House Cannes Fayet\" width=\"696\" height=\"1024\">\n\t\t\t\t\t\t\t<\/a>\n\t\t\t\t\t\t\t<a href=\"https:\/\/cannes-fayet.com\/wp-content\/uploads\/2019\/10\/article-tele7-jours-2010-694x1024.jpg\" data-rel=\"prettyPhoto[single_pretty_photo]\" title=\"Article tele 7 jours presse 2010\">\n\t\t\t\t\t\t\t<img loading=\"lazy\" decoding=\"async\" src=\"https:\/\/cannes-fayet.com\/wp-content\/uploads\/2019\/10\/article-tele7-jours-2010-694x1024.jpg\" alt=\"Article tele 7 jours presse 2010\" width=\"694\" height=\"1024\">\n\t\t\t\t\t\t\t<\/a>\n\t\t\t\t\t\t\t<a href=\"https:\/\/cannes-fayet.com\/wp-content\/uploads\/2019\/10\/presse2002-1-1024x731.jpg\" data-rel=\"prettyPhoto[single_pretty_photo]\" title=\"Le Puy de Dome en mouvement presse 2002\">\n\t\t\t\t\t\t\t<img loading=\"lazy\" decoding=\"async\" src=\"https:\/\/cannes-fayet.com\/wp-content\/uploads\/2019\/10\/presse2002-1-1024x731.jpg\" alt=\"Le Puy de Dome en mouvement presse 2002\" width=\"1024\" height=\"731\">\n\t\t\t\t\t\t\t<\/a>\n\t\t\t\t\t\t\t<a href=\"https:\/\/cannes-fayet.com\/wp-content\/uploads\/2019\/10\/presse1995-766x1024.jpg\" data-rel=\"prettyPhoto[single_pretty_photo]\" title=\"La Montagne 1995 Cannes Fayet\">\n\t\t\t\t\t\t\t<img loading=\"lazy\" decoding=\"async\" src=\"https:\/\/cannes-fayet.com\/wp-content\/uploads\/2019\/10\/presse1995-766x1024.jpg\" alt=\"La Montagne 1995 Cannes Fayet\" width=\"766\" height=\"1024\">\n\t\t\t\t\t\t\t<\/a>\n\t\t\t\t\t\t\t<a href=\"https:\/\/cannes-fayet.com\/wp-content\/uploads\/2019\/10\/presse1993-1024x725.jpg\" data-rel=\"prettyPhoto[single_pretty_photo]\" title=\"Presse 1993 Jean Luc Fayet\">\n\t\t\t\t\t\t\t<img loading=\"lazy\" decoding=\"async\" src=\"https:\/\/cannes-fayet.com\/wp-content\/uploads\/2019\/10\/presse1993-1024x725.jpg\" alt=\"Presse 1993 Jean Luc Fayet\" width=\"1024\" height=\"725\">\n\t\t\t\t\t\t\t<\/a>\n\t\t\t\t<\/div>\n<\/div><\/div><\/div><\/div><\/div><\/div><\/div><div data-eltd-parallax-speed=\"1\" class=\"vc_row wpb_row vc_row-fluid eltd-section eltd-content-aligment-center eltd-grid-section\" style=\"\"><div class=\"clearfix eltd-section-inner\"><div class=\"eltd-section-inner-margin clearfix\"><div class=\"wpb_column vc_column_container vc_col-sm-12\"><div class=\"vc_column-inner\"><div class=\"wpb_wrapper\"><div class=\"vc_empty_space\"   style=\"height: 32px\"><span class=\"vc_empty_space_inner\"><\/span><\/div><a href=\"\/en\/cannesfayet\/video\/\" target=\"_self\"  class=\"eltd-btn eltd-btn-medium eltd-btn-outline\"  >\n    <span class=\"eltd-btn-text\">Video<\/span>\n    <\/a><div class=\"vc_empty_space\"   style=\"height: 32px\"><span class=\"vc_empty_space_inner\"><\/span><\/div><\/div><\/div><\/div><\/div><\/div><\/div>","protected":false},"excerpt":{"rendered":"Video","protected":false},"author":1,"featured_media":0,"parent":0,"menu_order":0,"comment_status":"closed","ping_status":"closed","template":"full-width.php","meta":{"_exactmetrics_skip_tracking":false,"_exactmetrics_sitenote_active":false,"_exactmetrics_sitenote_note":"","_exactmetrics_sitenote_category":0,"footnotes":""},"class_list":["post-5005","page","type-page","status-publish","hentry"],"yoast_head":"<!-- This site is optimized with the Yoast SEO plugin v25.1 - https:\/\/yoast.com\/wordpress\/plugins\/seo\/ -->\n<title>Presse - Cannes Fayet\u00ae<\/title>\n<meta name=\"description\" content=\"L&#039;entreprise en canne! \u00c0 Orl\u00e9at, \u00e0 une dizaine kilometres de Thiers, les \u00e9tablissements Fayet fabriquent d&#039;innombrables mod\u00e8les de cannes, de la plus ...\" \/>\n<meta name=\"robots\" content=\"index, follow, max-snippet:-1, max-image-preview:large, max-video-preview:-1\" \/>\n<link rel=\"canonical\" href=\"https:\/\/cannes-fayet.com\/en\/presse\/\" \/>\n<meta property=\"og:locale\" content=\"en_GB\" \/>\n<meta property=\"og:type\" content=\"article\" \/>\n<meta property=\"og:title\" content=\"Presse - Cannes Fayet\u00ae\" \/>\n<meta property=\"og:description\" content=\"L&#039;entreprise en canne! \u00c0 Orl\u00e9at, \u00e0 une dizaine kilometres de Thiers, les \u00e9tablissements Fayet fabriquent d&#039;innombrables mod\u00e8les de cannes, de la plus ...\" \/>\n<meta property=\"og:url\" content=\"https:\/\/cannes-fayet.com\/en\/presse\/\" \/>\n<meta property=\"og:site_name\" content=\"Cannes Fayet\u00ae\" \/>\n<meta property=\"article:publisher\" content=\"https:\/\/www.facebook.com\/CannesFayet1909\/\" \/>\n<meta property=\"article:modified_time\" content=\"2019-10-28T17:05:44+00:00\" \/>\n<meta name=\"twitter:card\" content=\"summary_large_image\" \/>\n<script type=\"application\/ld+json\" class=\"yoast-schema-graph\">{\"@context\":\"https:\/\/schema.org\",\"@graph\":[{\"@type\":\"WebPage\",\"@id\":\"https:\/\/cannes-fayet.com\/presse\/\",\"url\":\"https:\/\/cannes-fayet.com\/presse\/\",\"name\":\"Presse - Cannes Fayet\u00ae\",\"isPartOf\":{\"@id\":\"https:\/\/cannes-fayet.com\/#website\"},\"datePublished\":\"2019-10-08T11:57:48+00:00\",\"dateModified\":\"2019-10-28T17:05:44+00:00\",\"description\":\"L'entreprise en canne! \u00c0 Orl\u00e9at, \u00e0 une dizaine kilometres de Thiers, les \u00e9tablissements Fayet fabriquent d'innombrables mod\u00e8les de cannes, de la plus ...\",\"breadcrumb\":{\"@id\":\"https:\/\/cannes-fayet.com\/presse\/#breadcrumb\"},\"inLanguage\":\"en-GB\",\"potentialAction\":[{\"@type\":\"ReadAction\",\"target\":[\"https:\/\/cannes-fayet.com\/presse\/\"]}]},{\"@type\":\"BreadcrumbList\",\"@id\":\"https:\/\/cannes-fayet.com\/presse\/#breadcrumb\",\"itemListElement\":[{\"@type\":\"ListItem\",\"position\":1,\"name\":\"Accueil\",\"item\":\"https:\/\/cannes-fayet.com\/\"},{\"@type\":\"ListItem\",\"position\":2,\"name\":\"Presse\"}]},{\"@type\":\"WebSite\",\"@id\":\"https:\/\/cannes-fayet.com\/#website\",\"url\":\"https:\/\/cannes-fayet.com\/\",\"name\":\"Cannes Fayet\",\"description\":\"Cannes de marche, parapluies, accessoires pour cannes : cannes Fayet\u00ae depuis 1909\",\"publisher\":{\"@id\":\"https:\/\/cannes-fayet.com\/#organization\"},\"potentialAction\":[{\"@type\":\"SearchAction\",\"target\":{\"@type\":\"EntryPoint\",\"urlTemplate\":\"https:\/\/cannes-fayet.com\/?s={search_term_string}\"},\"query-input\":{\"@type\":\"PropertyValueSpecification\",\"valueRequired\":true,\"valueName\":\"search_term_string\"}}],\"inLanguage\":\"en-GB\"},{\"@type\":\"Organization\",\"@id\":\"https:\/\/cannes-fayet.com\/#organization\",\"name\":\"Cannes Fayet\",\"url\":\"https:\/\/cannes-fayet.com\/\",\"logo\":{\"@type\":\"ImageObject\",\"inLanguage\":\"en-GB\",\"@id\":\"https:\/\/cannes-fayet.com\/#\/schema\/logo\/image\/\",\"url\":\"http:\/\/cannes-fayet.com\/wp-content\/uploads\/2019\/09\/Fayet_NouveauLogo_2017_Quadri-710x1024.png\",\"contentUrl\":\"http:\/\/cannes-fayet.com\/wp-content\/uploads\/2019\/09\/Fayet_NouveauLogo_2017_Quadri-710x1024.png\",\"width\":710,\"height\":1024,\"caption\":\"Cannes Fayet\"},\"image\":{\"@id\":\"https:\/\/cannes-fayet.com\/#\/schema\/logo\/image\/\"},\"sameAs\":[\"https:\/\/www.facebook.com\/CannesFayet1909\/\",\"https:\/\/www.instagram.com\/cannesfayet\/\",\"https:\/\/www.linkedin.com\/company\/cannesfayet\/\",\"https:\/\/www.pinterest.fr\/Cannesfayet\/\"]}]}<\/script>\n<!-- \/ Yoast SEO plugin. -->","yoast_head_json":{"title":"Presse - Cannes Fayet\u00ae","description":"L'entreprise en canne! \u00c0 Orl\u00e9at, \u00e0 une dizaine kilometres de Thiers, les \u00e9tablissements Fayet fabriquent d'innombrables mod\u00e8les de cannes, de la plus ...","robots":{"index":"index","follow":"follow","max-snippet":"max-snippet:-1","max-image-preview":"max-image-preview:large","max-video-preview":"max-video-preview:-1"},"canonical":"https:\/\/cannes-fayet.com\/en\/presse\/","og_locale":"en_GB","og_type":"article","og_title":"Presse - Cannes Fayet\u00ae","og_description":"L'entreprise en canne! \u00c0 Orl\u00e9at, \u00e0 une dizaine kilometres de Thiers, les \u00e9tablissements Fayet fabriquent d'innombrables mod\u00e8les de cannes, de la plus ...","og_url":"https:\/\/cannes-fayet.com\/en\/presse\/","og_site_name":"Cannes Fayet\u00ae","article_publisher":"https:\/\/www.facebook.com\/CannesFayet1909\/","article_modified_time":"2019-10-28T17:05:44+00:00","twitter_card":"summary_large_image","schema":{"@context":"https:\/\/schema.org","@graph":[{"@type":"WebPage","@id":"https:\/\/cannes-fayet.com\/presse\/","url":"https:\/\/cannes-fayet.com\/presse\/","name":"Presse - Cannes Fayet\u00ae","isPartOf":{"@id":"https:\/\/cannes-fayet.com\/#website"},"datePublished":"2019-10-08T11:57:48+00:00","dateModified":"2019-10-28T17:05:44+00:00","description":"L'entreprise en canne! \u00c0 Orl\u00e9at, \u00e0 une dizaine kilometres de Thiers, les \u00e9tablissements Fayet fabriquent d'innombrables mod\u00e8les de cannes, de la plus ...","breadcrumb":{"@id":"https:\/\/cannes-fayet.com\/presse\/#breadcrumb"},"inLanguage":"en-GB","potentialAction":[{"@type":"ReadAction","target":["https:\/\/cannes-fayet.com\/presse\/"]}]},{"@type":"BreadcrumbList","@id":"https:\/\/cannes-fayet.com\/presse\/#breadcrumb","itemListElement":[{"@type":"ListItem","position":1,"name":"Accueil","item":"https:\/\/cannes-fayet.com\/"},{"@type":"ListItem","position":2,"name":"Presse"}]},{"@type":"WebSite","@id":"https:\/\/cannes-fayet.com\/#website","url":"https:\/\/cannes-fayet.com\/","name":"Cannes Fayet","description":"Cannes de marche, parapluies, accessoires pour cannes : cannes Fayet\u00ae depuis 1909","publisher":{"@id":"https:\/\/cannes-fayet.com\/#organization"},"potentialAction":[{"@type":"SearchAction","target":{"@type":"EntryPoint","urlTemplate":"https:\/\/cannes-fayet.com\/?s={search_term_string}"},"query-input":{"@type":"PropertyValueSpecification","valueRequired":true,"valueName":"search_term_string"}}],"inLanguage":"en-GB"},{"@type":"Organization","@id":"https:\/\/cannes-fayet.com\/#organization","name":"Cannes Fayet","url":"https:\/\/cannes-fayet.com\/","logo":{"@type":"ImageObject","inLanguage":"en-GB","@id":"https:\/\/cannes-fayet.com\/#\/schema\/logo\/image\/","url":"http:\/\/cannes-fayet.com\/wp-content\/uploads\/2019\/09\/Fayet_NouveauLogo_2017_Quadri-710x1024.png","contentUrl":"http:\/\/cannes-fayet.com\/wp-content\/uploads\/2019\/09\/Fayet_NouveauLogo_2017_Quadri-710x1024.png","width":710,"height":1024,"caption":"Cannes Fayet"},"image":{"@id":"https:\/\/cannes-fayet.com\/#\/schema\/logo\/image\/"},"sameAs":["https:\/\/www.facebook.com\/CannesFayet1909\/","https:\/\/www.instagram.com\/cannesfayet\/","https:\/\/www.linkedin.com\/company\/cannesfayet\/","https:\/\/www.pinterest.fr\/Cannesfayet\/"]}]}},"_links":{"self":[{"href":"https:\/\/cannes-fayet.com\/en\/wp-json\/wp\/v2\/pages\/5005","targetHints":{"allow":["GET"]}}],"collection":[{"href":"https:\/\/cannes-fayet.com\/en\/wp-json\/wp\/v2\/pages"}],"about":[{"href":"https:\/\/cannes-fayet.com\/en\/wp-json\/wp\/v2\/types\/page"}],"author":[{"embeddable":true,"href":"https:\/\/cannes-fayet.com\/en\/wp-json\/wp\/v2\/users\/1"}],"replies":[{"embeddable":true,"href":"https:\/\/cannes-fayet.com\/en\/wp-json\/wp\/v2\/comments?post=5005"}],"version-history":[{"count":25,"href":"https:\/\/cannes-fayet.com\/en\/wp-json\/wp\/v2\/pages\/5005\/revisions"}],"predecessor-version":[{"id":5329,"href":"https:\/\/cannes-fayet.com\/en\/wp-json\/wp\/v2\/pages\/5005\/revisions\/5329"}],"wp:attachment":[{"href":"https:\/\/cannes-fayet.com\/en\/wp-json\/wp\/v2\/media?parent=5005"}],"curies":[{"name":"wp","href":"https:\/\/api.w.org\/{rel}","templated":true}]}}