{"id":5026,"date":"2019-10-08T21:31:35","date_gmt":"2019-10-08T19:31:35","guid":{"rendered":"http:\/\/cannes-fayet.com\/?page_id=5026"},"modified":"2019-12-16T11:13:08","modified_gmt":"2019-12-16T10:13:08","slug":"video","status":"publish","type":"page","link":"https:\/\/cannes-fayet.com\/en\/presse\/video\/","title":{"rendered":"Video"},"content":{"rendered":"<div data-eltd-parallax-speed=\"1\" class=\"vc_row wpb_row vc_row-fluid eltd-section eltd-content-aligment-center\" style=\"\"><div class=\"clearfix eltd-full-section-inner\"><div class=\"wpb_column vc_column_container vc_col-sm-12\"><div class=\"vc_column-inner\"><div class=\"wpb_wrapper\"><div class=\"vc_empty_space\"   style=\"height: 32px\"><span class=\"vc_empty_space_inner\"><\/span><\/div>\n\t<div class=\"wpb_video_widget wpb_content_element vc_clearfix   vc_video-aspect-ratio-169 vc_video-el-width-50 vc_video-align-center\" >\n\t\t<div class=\"wpb_wrapper\">\n\t\t\t\n\t\t\t<div class=\"wpb_video_wrapper\"><iframe loading=\"lazy\" title=\"Nos habitants ont du talent : Amandine Fayet\" width=\"1100\" height=\"619\" src=\"https:\/\/www.youtube.com\/embed\/4mKYZj6gb9I?feature=oembed\" frameborder=\"0\" allow=\"accelerometer; autoplay; encrypted-media; gyroscope; picture-in-picture\" allowfullscreen><\/iframe><\/div>\n\t\t<\/div>\n\t<\/div>\n<div class=\"vc_empty_space\"   style=\"height: 32px\"><span class=\"vc_empty_space_inner\"><\/span><\/div>\n\t<div class=\"wpb_video_widget wpb_content_element vc_clearfix   vc_video-aspect-ratio-169 vc_video-el-width-50 vc_video-align-center\" >\n\t\t<div class=\"wpb_wrapper\">\n\t\t\t\n\t\t\t<div class=\"wpb_video_wrapper\"><iframe loading=\"lazy\" title=\"Les cannes Fayet\" width=\"1100\" height=\"619\" src=\"https:\/\/www.youtube.com\/embed\/oFA3hQDvZQ8?feature=oembed\" frameborder=\"0\" allow=\"accelerometer; autoplay; encrypted-media; gyroscope; picture-in-picture\" allowfullscreen><\/iframe><\/div>\n\t\t<\/div>\n\t<\/div>\n<div class=\"vc_empty_space\"   style=\"height: 32px\"><span class=\"vc_empty_space_inner\"><\/span><\/div>\n\t<div class=\"wpb_video_widget wpb_content_element vc_clearfix   vc_video-aspect-ratio-169 vc_video-el-width-50 vc_video-align-center\" >\n\t\t<div class=\"wpb_wrapper\">\n\t\t\t\n\t\t\t<div class=\"wpb_video_wrapper\"><iframe loading=\"lazy\" title=\"MON COMMERCANT BIEN-AIM\u00c9 - Fayet Cannes\" width=\"1100\" height=\"619\" src=\"https:\/\/www.youtube.com\/embed\/4nuMUewupiE?feature=oembed\" frameborder=\"0\" allow=\"accelerometer; autoplay; encrypted-media; gyroscope; picture-in-picture\" allowfullscreen><\/iframe><\/div>\n\t\t<\/div>\n\t<\/div>\n<div class=\"vc_empty_space\"   style=\"height: 32px\"><span class=\"vc_empty_space_inner\"><\/span><\/div>\n\t<div class=\"wpb_text_column wpb_content_element\" >\n\t\t<div class=\"wpb_wrapper\">\n\t\t\t<p style=\"text-align: center;\"><a href=\"https:\/\/france3-regions.francetvinfo.fr\/auvergne-rhone-alpes\/puy-de-dome\/made-in-france-made-in-auvergne-monte-paris-1104685.html\">FRANCE 3 : MADE IN FRANCE<\/a><\/p>\n\n\t\t<\/div>\n\t<\/div>\n    <span class=\"eltd-icon-animation-holder\" >\n\n    <span class=\"eltd-icon-shortcode normal eltd-icon-animation eltd-icon-medium\"  data-hover-color=\"#ff0300\" data-color=\"#444444\">\n                    <a href=\"https:\/\/france3-regions.francetvinfo.fr\/auvergne-rhone-alpes\/puy-de-dome\/made-in-france-made-in-auvergne-monte-paris-1104685.html\" target=\"_self\">\n        \n        <i class=\"eltd-icon-font-awesome fa fa-youtube-play eltd-icon-element\" style=\"color: #444444\" ><\/i>\n                    <\/a>\n            <\/span>\n\n    <\/span>\n<div class=\"vc_empty_space\"   style=\"height: 32px\"><span class=\"vc_empty_space_inner\"><\/span><\/div>\n\t<div class=\"wpb_text_column wpb_content_element\" >\n\t\t<div class=\"wpb_wrapper\">\n\t\t\t<p style=\"text-align: center;\"><a href=\"https:\/\/www.facebook.com\/watch\/?v=382990885586774\">FRANCE 5 MAG DE LA SANT\u00c9<\/a><\/p>\n\n\t\t<\/div>\n\t<\/div>\n    <span class=\"eltd-icon-animation-holder\" >\n\n    <span class=\"eltd-icon-shortcode normal eltd-icon-animation eltd-icon-medium\"  data-hover-color=\"#ff0300\" data-color=\"#444444\">\n                    <a href=\"https:\/\/www.facebook.com\/watch\/?v=382990885586774\" target=\"_self\">\n        \n        <i class=\"eltd-icon-font-awesome fa fa-youtube-play eltd-icon-element\" style=\"color: #444444\" ><\/i>\n                    <\/a>\n            <\/span>\n\n    <\/span>\n<div class=\"vc_empty_space\"   style=\"height: 32px\"><span class=\"vc_empty_space_inner\"><\/span><\/div>\n\t<div class=\"wpb_text_column wpb_content_element\" >\n\t\t<div class=\"wpb_wrapper\">\n\t\t\t<div class=\"eltd-video-button\">\n<p class=\"eltd-video-button-title\" style=\"text-align: center;\"><a href=\"https:\/\/www.facebook.com\/watch\/?v=480236805845977\">RMC D\u00c9COUVERTE<\/a><\/p>\n<\/div>\n\n\t\t<\/div>\n\t<\/div>\n    <span class=\"eltd-icon-animation-holder\" >\n\n    <span class=\"eltd-icon-shortcode normal eltd-icon-animation eltd-icon-medium\"  data-hover-color=\"#ff0300\" data-color=\"#444444\">\n                    <a href=\"https:\/\/www.facebook.com\/watch\/?v=480236805845977\" target=\"_self\">\n        \n        <i class=\"eltd-icon-font-awesome fa fa-youtube-play eltd-icon-element\" style=\"color: #444444\" ><\/i>\n                    <\/a>\n            <\/span>\n\n    <\/span>\n<div class=\"vc_empty_space\"   style=\"height: 32px\"><span class=\"vc_empty_space_inner\"><\/span><\/div>\n\t<div class=\"wpb_text_column wpb_content_element\" >\n\t\t<div class=\"wpb_wrapper\">\n\t\t\t<div class=\"eltd-video-button\">\n<p class=\"eltd-video-button-title\" style=\"text-align: center;\"><a href=\"https:\/\/www.nytimes.com\/video\/travel\/100000003899628\/36-hours-on-the-right-bank-paris.html\">36 HOURS &#8211; NEW YORK TIMES<\/a><\/p>\n<\/div>\n\n\t\t<\/div>\n\t<\/div>\n    <span class=\"eltd-icon-animation-holder\" >\n\n    <span class=\"eltd-icon-shortcode normal eltd-icon-animation eltd-icon-medium\"  data-hover-color=\"#ff0300\" data-color=\"#444444\">\n                    <a href=\"https:\/\/www.nytimes.com\/video\/travel\/100000003899628\/36-hours-on-the-right-bank-paris.html\" target=\"_self\">\n        \n        <i class=\"eltd-icon-font-awesome fa fa-youtube-play eltd-icon-element\" style=\"color: #444444\" ><\/i>\n                    <\/a>\n            <\/span>\n\n    <\/span>\n<div class=\"vc_empty_space\"   style=\"height: 32px\"><span class=\"vc_empty_space_inner\"><\/span><\/div>\n\t<div class=\"wpb_text_column wpb_content_element\" >\n\t\t<div class=\"wpb_wrapper\">\n\t\t\t<div class=\"eltd-video-button\">\n<p class=\"eltd-video-button-title\" style=\"text-align: center;\"><a href=\"https:\/\/mobile.france.tv\/france-3\/meteo-a-la-carte\/484117-l-incroyable-histoire-des-roulottes-tziganes.html\">FRANCE 3 M\u00c9T\u00c9O \u00c0 LA CARTE<\/a><\/p>\n<\/div>\n\n\t\t<\/div>\n\t<\/div>\n    <span class=\"eltd-icon-animation-holder\" >\n\n    <span class=\"eltd-icon-shortcode normal eltd-icon-animation eltd-icon-medium\"  data-hover-color=\"#ff0300\" data-color=\"#444444\">\n                    <a href=\"https:\/\/mobile.france.tv\/france-3\/meteo-a-la-carte\/484117-l-incroyable-histoire-des-roulottes-tziganes.html\" target=\"_self\">\n        \n        <i class=\"eltd-icon-font-awesome fa fa-youtube-play eltd-icon-element\" style=\"color: #444444\" ><\/i>\n                    <\/a>\n            <\/span>\n\n    <\/span>\n<div class=\"vc_empty_space\"   style=\"height: 32px\"><span class=\"vc_empty_space_inner\"><\/span><\/div>\n\t<div class=\"wpb_text_column wpb_content_element\" >\n\t\t<div class=\"wpb_wrapper\">\n\t\t\t<div class=\"eltd-video-button\">\n<p class=\"eltd-video-button-title\" style=\"text-align: center;\"><a href=\"https:\/\/www.aljazeera.net\/news\/lifestyle\/2019\/12\/10\/%D8%A8%D8%A7%D9%84%D9%81%D9%8A%D8%AF%D9%8A%D9%88-%D8%B9%D8%B5%D8%A7-%D8%A7%D9%84%D9%85%D8%B4%D9%8A-%D8%AA%D8%B9%D8%B1%D9%81-%D8%B9%D9%84%D9%89-%D8%B2%D9%8A%D9%86%D8%A9-%D8%A7%D9%84%D9%86%D8%A8%D9%84%D8%A7%D8%A1-%D9%85%D8%B9-%D9%88%D8%A7%D8%AD%D8%AF-%D9%85%D9%86-%D8%A2%D8%AE%D8%B1-%D8%B5%D9%86%D8%A7%D8%B9%D9%87-%D8%A8%D8%A8%D8%A7%D8%B1%D9%8A%D8%B3\">AL JAZEERA<\/a><\/p>\n<\/div>\n\n\t\t<\/div>\n\t<\/div>\n    <span class=\"eltd-icon-animation-holder\" >\n\n    <span class=\"eltd-icon-shortcode normal eltd-icon-animation eltd-icon-medium\"  data-hover-color=\"#ff0300\" data-color=\"#444444\">\n                    <a href=\"https:\/\/www.aljazeera.net\/news\/lifestyle\/2019\/12\/10\/%D8%A8%D8%A7%D9%84%D9%81%D9%8A%D8%AF%D9%8A%D9%88-%D8%B9%D8%B5%D8%A7-%D8%A7%D9%84%D9%85%D8%B4%D9%8A-%D8%AA%D8%B9%D8%B1%D9%81-%D8%B9%D9%84%D9%89-%D8%B2%D9%8A%D9%86%D8%A9-%D8%A7%D9%84%D9%86%D8%A8%D9%84%D8%A7%D8%A1-%D9%85%D8%B9-%D9%88%D8%A7%D8%AD%D8%AF-%D9%85%D9%86-%D8%A2%D8%AE%D8%B1-%D8%B5%D9%86%D8%A7%D8%B9%D9%87-%D8%A8%D8%A8%D8%A7%D8%B1%D9%8A%D8%B3\" target=\"_self\">\n        \n        <i class=\"eltd-icon-font-awesome fa fa-youtube-play eltd-icon-element\" style=\"color: #444444\" ><\/i>\n                    <\/a>\n            <\/span>\n\n    <\/span>\n<div class=\"vc_empty_space\"   style=\"height: 32px\"><span class=\"vc_empty_space_inner\"><\/span><\/div><div class=\"vc_empty_space\"   style=\"height: 32px\"><span class=\"vc_empty_space_inner\"><\/span><\/div><\/div><\/div><\/div><\/div><\/div><div data-eltd-parallax-speed=\"1\" class=\"vc_row wpb_row vc_row-fluid eltd-section eltd-content-aligment-center eltd-grid-section\" style=\"\"><div class=\"clearfix eltd-section-inner\"><div class=\"eltd-section-inner-margin clearfix\"><div class=\"wpb_column vc_column_container vc_col-sm-12\"><div class=\"vc_column-inner\"><div class=\"wpb_wrapper\"><a href=\"\/en\/cannesfayet\/presse\/dossier-presse\/\" target=\"_self\"  class=\"eltd-btn eltd-btn-medium eltd-btn-outline\"  >\n    <span class=\"eltd-btn-text\">Press Kit<\/span>\n    <\/a><div class=\"vc_empty_space\"   style=\"height: 32px\"><span class=\"vc_empty_space_inner\"><\/span><\/div><\/div><\/div><\/div><\/div><\/div><\/div>","protected":false},"excerpt":{"rendered":"FRANCE 3 : MADE IN FRANCE FRANCE 5 MAG DE LA SANT\u00c9 RMC D\u00c9COUVERTE 36 HOURS - NEW YORK TIMES FRANCE 3 M\u00c9T\u00c9O \u00c0 LA CARTE AL JAZEERA Dossier de Presse","protected":false},"author":1,"featured_media":0,"parent":5005,"menu_order":0,"comment_status":"closed","ping_status":"closed","template":"full-width.php","meta":{"_exactmetrics_skip_tracking":false,"_exactmetrics_sitenote_active":false,"_exactmetrics_sitenote_note":"","_exactmetrics_sitenote_category":0,"footnotes":""},"class_list":["post-5026","page","type-page","status-publish","hentry"],"yoast_head":"<!-- This site is optimized with the Yoast SEO plugin v25.1 - https:\/\/yoast.com\/wordpress\/plugins\/seo\/ -->\n<title>Video - Cannes Fayet\u00ae<\/title>\n<meta name=\"description\" content=\"FRANCE 3 : MADE IN FRANCE, FRANCE 5 MAG DE LA SANT\u00c9, RMC D\u00c9COUVERTE, 36 HOURS \u2013 NEW YORK TIMES, FRANCE 3 M\u00c9T\u00c9O \u00c0 LA CARTE ...\" \/>\n<meta name=\"robots\" content=\"index, follow, max-snippet:-1, max-image-preview:large, max-video-preview:-1\" \/>\n<link rel=\"canonical\" href=\"https:\/\/cannes-fayet.com\/en\/presse\/video\/\" \/>\n<meta property=\"og:locale\" content=\"en_GB\" \/>\n<meta property=\"og:type\" content=\"article\" \/>\n<meta property=\"og:title\" content=\"Video - Cannes Fayet\u00ae\" \/>\n<meta property=\"og:description\" content=\"FRANCE 3 : MADE IN FRANCE, FRANCE 5 MAG DE LA SANT\u00c9, RMC D\u00c9COUVERTE, 36 HOURS \u2013 NEW YORK TIMES, FRANCE 3 M\u00c9T\u00c9O \u00c0 LA CARTE ...\" \/>\n<meta property=\"og:url\" content=\"https:\/\/cannes-fayet.com\/en\/presse\/video\/\" \/>\n<meta property=\"og:site_name\" content=\"Cannes Fayet\u00ae\" \/>\n<meta property=\"article:publisher\" content=\"https:\/\/www.facebook.com\/CannesFayet1909\/\" \/>\n<meta property=\"article:modified_time\" content=\"2019-12-16T10:13:08+00:00\" \/>\n<meta name=\"twitter:card\" content=\"summary_large_image\" \/>\n<meta name=\"twitter:label1\" content=\"Estimated reading time\" \/>\n\t<meta name=\"twitter:data1\" content=\"3 minutes\" \/>\n<script type=\"application\/ld+json\" class=\"yoast-schema-graph\">{\"@context\":\"https:\/\/schema.org\",\"@graph\":[{\"@type\":\"WebPage\",\"@id\":\"https:\/\/cannes-fayet.com\/presse\/video\/\",\"url\":\"https:\/\/cannes-fayet.com\/presse\/video\/\",\"name\":\"Video - Cannes Fayet\u00ae\",\"isPartOf\":{\"@id\":\"https:\/\/cannes-fayet.com\/#website\"},\"datePublished\":\"2019-10-08T19:31:35+00:00\",\"dateModified\":\"2019-12-16T10:13:08+00:00\",\"description\":\"FRANCE 3 : MADE IN FRANCE, FRANCE 5 MAG DE LA SANT\u00c9, RMC D\u00c9COUVERTE, 36 HOURS \u2013 NEW YORK TIMES, FRANCE 3 M\u00c9T\u00c9O \u00c0 LA CARTE ...\",\"breadcrumb\":{\"@id\":\"https:\/\/cannes-fayet.com\/presse\/video\/#breadcrumb\"},\"inLanguage\":\"en-GB\",\"potentialAction\":[{\"@type\":\"ReadAction\",\"target\":[\"https:\/\/cannes-fayet.com\/presse\/video\/\"]}]},{\"@type\":\"BreadcrumbList\",\"@id\":\"https:\/\/cannes-fayet.com\/presse\/video\/#breadcrumb\",\"itemListElement\":[{\"@type\":\"ListItem\",\"position\":1,\"name\":\"Accueil\",\"item\":\"https:\/\/cannes-fayet.com\/\"},{\"@type\":\"ListItem\",\"position\":2,\"name\":\"Presse\",\"item\":\"https:\/\/cannes-fayet.com\/presse\/\"},{\"@type\":\"ListItem\",\"position\":3,\"name\":\"Video\"}]},{\"@type\":\"WebSite\",\"@id\":\"https:\/\/cannes-fayet.com\/#website\",\"url\":\"https:\/\/cannes-fayet.com\/\",\"name\":\"Cannes Fayet\",\"description\":\"Cannes de marche, parapluies, accessoires pour cannes : cannes Fayet\u00ae depuis 1909\",\"publisher\":{\"@id\":\"https:\/\/cannes-fayet.com\/#organization\"},\"potentialAction\":[{\"@type\":\"SearchAction\",\"target\":{\"@type\":\"EntryPoint\",\"urlTemplate\":\"https:\/\/cannes-fayet.com\/?s={search_term_string}\"},\"query-input\":{\"@type\":\"PropertyValueSpecification\",\"valueRequired\":true,\"valueName\":\"search_term_string\"}}],\"inLanguage\":\"en-GB\"},{\"@type\":\"Organization\",\"@id\":\"https:\/\/cannes-fayet.com\/#organization\",\"name\":\"Cannes Fayet\",\"url\":\"https:\/\/cannes-fayet.com\/\",\"logo\":{\"@type\":\"ImageObject\",\"inLanguage\":\"en-GB\",\"@id\":\"https:\/\/cannes-fayet.com\/#\/schema\/logo\/image\/\",\"url\":\"http:\/\/cannes-fayet.com\/wp-content\/uploads\/2019\/09\/Fayet_NouveauLogo_2017_Quadri-710x1024.png\",\"contentUrl\":\"http:\/\/cannes-fayet.com\/wp-content\/uploads\/2019\/09\/Fayet_NouveauLogo_2017_Quadri-710x1024.png\",\"width\":710,\"height\":1024,\"caption\":\"Cannes Fayet\"},\"image\":{\"@id\":\"https:\/\/cannes-fayet.com\/#\/schema\/logo\/image\/\"},\"sameAs\":[\"https:\/\/www.facebook.com\/CannesFayet1909\/\",\"https:\/\/www.instagram.com\/cannesfayet\/\",\"https:\/\/www.linkedin.com\/company\/cannesfayet\/\",\"https:\/\/www.pinterest.fr\/Cannesfayet\/\"]}]}<\/script>\n<!-- \/ Yoast SEO plugin. -->","yoast_head_json":{"title":"Video - Cannes Fayet\u00ae","description":"FRANCE 3 : MADE IN FRANCE, FRANCE 5 MAG DE LA SANT\u00c9, RMC D\u00c9COUVERTE, 36 HOURS \u2013 NEW YORK TIMES, FRANCE 3 M\u00c9T\u00c9O \u00c0 LA CARTE ...","robots":{"index":"index","follow":"follow","max-snippet":"max-snippet:-1","max-image-preview":"max-image-preview:large","max-video-preview":"max-video-preview:-1"},"canonical":"https:\/\/cannes-fayet.com\/en\/presse\/video\/","og_locale":"en_GB","og_type":"article","og_title":"Video - Cannes Fayet\u00ae","og_description":"FRANCE 3 : MADE IN FRANCE, FRANCE 5 MAG DE LA SANT\u00c9, RMC D\u00c9COUVERTE, 36 HOURS \u2013 NEW YORK TIMES, FRANCE 3 M\u00c9T\u00c9O \u00c0 LA CARTE ...","og_url":"https:\/\/cannes-fayet.com\/en\/presse\/video\/","og_site_name":"Cannes Fayet\u00ae","article_publisher":"https:\/\/www.facebook.com\/CannesFayet1909\/","article_modified_time":"2019-12-16T10:13:08+00:00","twitter_card":"summary_large_image","twitter_misc":{"Estimated reading time":"3 minutes"},"schema":{"@context":"https:\/\/schema.org","@graph":[{"@type":"WebPage","@id":"https:\/\/cannes-fayet.com\/presse\/video\/","url":"https:\/\/cannes-fayet.com\/presse\/video\/","name":"Video - Cannes Fayet\u00ae","isPartOf":{"@id":"https:\/\/cannes-fayet.com\/#website"},"datePublished":"2019-10-08T19:31:35+00:00","dateModified":"2019-12-16T10:13:08+00:00","description":"FRANCE 3 : MADE IN FRANCE, FRANCE 5 MAG DE LA SANT\u00c9, RMC D\u00c9COUVERTE, 36 HOURS \u2013 NEW YORK TIMES, FRANCE 3 M\u00c9T\u00c9O \u00c0 LA CARTE ...","breadcrumb":{"@id":"https:\/\/cannes-fayet.com\/presse\/video\/#breadcrumb"},"inLanguage":"en-GB","potentialAction":[{"@type":"ReadAction","target":["https:\/\/cannes-fayet.com\/presse\/video\/"]}]},{"@type":"BreadcrumbList","@id":"https:\/\/cannes-fayet.com\/presse\/video\/#breadcrumb","itemListElement":[{"@type":"ListItem","position":1,"name":"Accueil","item":"https:\/\/cannes-fayet.com\/"},{"@type":"ListItem","position":2,"name":"Presse","item":"https:\/\/cannes-fayet.com\/presse\/"},{"@type":"ListItem","position":3,"name":"Video"}]},{"@type":"WebSite","@id":"https:\/\/cannes-fayet.com\/#website","url":"https:\/\/cannes-fayet.com\/","name":"Cannes Fayet","description":"Cannes de marche, parapluies, accessoires pour cannes : cannes Fayet\u00ae depuis 1909","publisher":{"@id":"https:\/\/cannes-fayet.com\/#organization"},"potentialAction":[{"@type":"SearchAction","target":{"@type":"EntryPoint","urlTemplate":"https:\/\/cannes-fayet.com\/?s={search_term_string}"},"query-input":{"@type":"PropertyValueSpecification","valueRequired":true,"valueName":"search_term_string"}}],"inLanguage":"en-GB"},{"@type":"Organization","@id":"https:\/\/cannes-fayet.com\/#organization","name":"Cannes Fayet","url":"https:\/\/cannes-fayet.com\/","logo":{"@type":"ImageObject","inLanguage":"en-GB","@id":"https:\/\/cannes-fayet.com\/#\/schema\/logo\/image\/","url":"http:\/\/cannes-fayet.com\/wp-content\/uploads\/2019\/09\/Fayet_NouveauLogo_2017_Quadri-710x1024.png","contentUrl":"http:\/\/cannes-fayet.com\/wp-content\/uploads\/2019\/09\/Fayet_NouveauLogo_2017_Quadri-710x1024.png","width":710,"height":1024,"caption":"Cannes Fayet"},"image":{"@id":"https:\/\/cannes-fayet.com\/#\/schema\/logo\/image\/"},"sameAs":["https:\/\/www.facebook.com\/CannesFayet1909\/","https:\/\/www.instagram.com\/cannesfayet\/","https:\/\/www.linkedin.com\/company\/cannesfayet\/","https:\/\/www.pinterest.fr\/Cannesfayet\/"]}]}},"_links":{"self":[{"href":"https:\/\/cannes-fayet.com\/en\/wp-json\/wp\/v2\/pages\/5026","targetHints":{"allow":["GET"]}}],"collection":[{"href":"https:\/\/cannes-fayet.com\/en\/wp-json\/wp\/v2\/pages"}],"about":[{"href":"https:\/\/cannes-fayet.com\/en\/wp-json\/wp\/v2\/types\/page"}],"author":[{"embeddable":true,"href":"https:\/\/cannes-fayet.com\/en\/wp-json\/wp\/v2\/users\/1"}],"replies":[{"embeddable":true,"href":"https:\/\/cannes-fayet.com\/en\/wp-json\/wp\/v2\/comments?post=5026"}],"version-history":[{"count":38,"href":"https:\/\/cannes-fayet.com\/en\/wp-json\/wp\/v2\/pages\/5026\/revisions"}],"predecessor-version":[{"id":5390,"href":"https:\/\/cannes-fayet.com\/en\/wp-json\/wp\/v2\/pages\/5026\/revisions\/5390"}],"up":[{"embeddable":true,"href":"https:\/\/cannes-fayet.com\/en\/wp-json\/wp\/v2\/pages\/5005"}],"wp:attachment":[{"href":"https:\/\/cannes-fayet.com\/en\/wp-json\/wp\/v2\/media?parent=5026"}],"curies":[{"name":"wp","href":"https:\/\/api.w.org\/{rel}","templated":true}]}}